{"id":835,"date":"2024-11-29T18:24:11","date_gmt":"2024-11-29T18:24:11","guid":{"rendered":"https:\/\/sportinkreativa.si\/?page_id=835"},"modified":"2025-01-04T21:30:15","modified_gmt":"2025-01-04T21:30:15","slug":"darilni-boni","status":"publish","type":"page","link":"https:\/\/sportinkreativa.si\/en\/darilni-boni\/","title":{"rendered":"GIFT VAUCHERS"},"content":{"rendered":"\t\t<div data-elementor-type=\"wp-page\" data-elementor-id=\"835\" class=\"elementor elementor-835\" data-elementor-post-type=\"page\">\n\t\t\t\t<div class=\"elementor-element elementor-element-7b8d3492 e-con-full e-flex e-con e-parent\" data-id=\"7b8d3492\" data-element_type=\"container\" data-e-type=\"container\" data-settings=\"{&quot;background_background&quot;:&quot;slideshow&quot;,&quot;shape_divider_bottom&quot;:&quot;pyramids&quot;,&quot;background_slideshow_gallery&quot;:[{&quot;id&quot;:206,&quot;url&quot;:&quot;https:\\\/\\\/sportinkreativa.si\\\/wp-content\\\/uploads\\\/2024\\\/10\\\/Sportinkreativa_naslovna3-1.png&quot;}],&quot;background_slideshow_loop&quot;:&quot;yes&quot;,&quot;background_slideshow_slide_duration&quot;:5000,&quot;background_slideshow_slide_transition&quot;:&quot;fade&quot;,&quot;background_slideshow_transition_duration&quot;:500}\">\n\t\t\t\t<div class=\"elementor-shape elementor-shape-bottom\" aria-hidden=\"true\" data-negative=\"false\">\n\t\t\t<svg xmlns=\"http:\/\/www.w3.org\/2000\/svg\" viewBox=\"0 0 1000 100\" preserveAspectRatio=\"none\">\n\t<path class=\"elementor-shape-fill\" d=\"M761.9,44.1L643.1,27.2L333.8,98L0,3.8V0l1000,0v3.9\"\/>\n<\/svg>\t\t<\/div>\n\t\t<div class=\"elementor-element elementor-element-243d7a1b e-flex e-con-boxed e-con e-child\" data-id=\"243d7a1b\" data-element_type=\"container\" data-e-type=\"container\">\n\t\t\t\t\t<div class=\"e-con-inner\">\n\t\t\t\t<div class=\"elementor-element elementor-element-287394d elementor-widget elementor-widget-heading\" data-id=\"287394d\" data-element_type=\"widget\" data-e-type=\"widget\" data-widget_type=\"heading.default\">\n\t\t\t\t\t\t\t<h1 class=\"elementor-heading-title elementor-size-default\">\u0160port in kreativa<\/h1>\t\t\t\t<\/div>\n\t\t\t\t<div class=\"elementor-element elementor-element-7304985 elementor-widget elementor-widget-heading\" data-id=\"7304985\" data-element_type=\"widget\" data-e-type=\"widget\" data-widget_type=\"heading.default\">\n\t\t\t\t\t\t\t<h4 class=\"elementor-heading-title elementor-size-default\">DARILNI BONI<\/h4>\t\t\t\t<\/div>\n\t\t\t\t\t<\/div>\n\t\t\t\t<\/div>\n\t\t\t\t<\/div>\n\t\t<div class=\"elementor-element elementor-element-83d23fc e-flex e-con-boxed e-con e-parent\" data-id=\"83d23fc\" data-element_type=\"container\" data-e-type=\"container\" data-settings=\"{&quot;background_background&quot;:&quot;classic&quot;}\">\n\t\t\t\t\t<div class=\"e-con-inner\">\n\t\t<div class=\"elementor-element elementor-element-3eebe69 e-flex e-con-boxed e-con e-child\" data-id=\"3eebe69\" data-element_type=\"container\" data-e-type=\"container\">\n\t\t\t\t\t<div class=\"e-con-inner\">\n\t\t\t\t<div class=\"elementor-element elementor-element-2d427287 elementor-widget elementor-widget-heading\" data-id=\"2d427287\" data-element_type=\"widget\" data-e-type=\"widget\" data-widget_type=\"heading.default\">\n\t\t\t\t\t\t\t<h6 class=\"elementor-heading-title elementor-size-default\">DARILNI BONI PODJETJA \u0160PORT IN KREATIVA ZA TISTE, KI JIM JE \u010cAS VREDNOTA - PODARITE JIM NA\u0160E NEPOZABNE MTB AVANTURE ALI TE\u010cAJE TEKA NA SMU\u010cEH ALI SMU\u010cANJA NA KORO\u0160KEM. <br> <br>\n\n<\/h6>\t\t\t\t<\/div>\n\t\t\t\t<div class=\"elementor-element elementor-element-2ae00b39 elementor-widget__width-initial elementor-widget elementor-widget-heading\" data-id=\"2ae00b39\" data-element_type=\"widget\" data-e-type=\"widget\" data-widget_type=\"heading.default\">\n\t\t\t\t\t\t\t<h2 class=\"elementor-heading-title elementor-size-default\">DARILNI BONI<\/h2>\t\t\t\t<\/div>\n\t\t\t\t\t<\/div>\n\t\t\t\t<\/div>\n\t\t\t\t<div class=\"elementor-element elementor-element-62d3f24 animated-slow elementor-invisible elementor-widget elementor-widget-price-table\" data-id=\"62d3f24\" data-element_type=\"widget\" data-e-type=\"widget\" data-settings=\"{&quot;_animation&quot;:&quot;zoomIn&quot;}\" data-widget_type=\"price-table.default\">\n\t\t\t\t\t\t\t\n\t\t<div class=\"elementor-price-table\">\n\t\t\t\t\t\t\t<div class=\"elementor-price-table__header\">\n\t\t\t\t\t\t\t\t\t\t\t<h2 class=\"elementor-price-table__heading\">\n\t\t\t\t\t\tTE\u010cAJI TEKA NA SMU\u010cEH IN SMU\u010cANJA\t\t\t\t\t\t<\/h2>\n\t\t\t\t\t\n\t\t\t\t\t\t\t\t\t\t\t<span class=\"elementor-price-table__subheading\">\n\t\t\t\t\t\t\t\u0160PORTNO KREATIVNA ZIMA\t\t\t\t\t\t<\/span>\n\t\t\t\t\t\t\t\t\t<\/div>\n\t\t\t\n\t\t\t<div class=\"elementor-price-table__price\">\n\t\t\t\t\t\t\t\t\t\t\t\t\t\t\t\t\t<span class=\"elementor-price-table__integer-part\">\n\t\t\t\t\t\tod 40 \u2013 170\t\t\t\t\t<\/span>\n\t\t\t\t\n\t\t\t\t\n\t\t\t\t<span class=\"elementor-price-table__currency\">&#128;<\/span>\n\t\t\t\t\t\t\t<\/div>\n\n\t\t\t\t\t\t\t<ul class=\"elementor-price-table__features-list\">\n\t\t\t\t\t\t\t\t\t\t\t<li class=\"elementor-repeater-item-9367262\">\n\t\t\t\t\t\t\t<div class=\"elementor-price-table__feature-inner\">\n\t\t\t\t\t\t\t\t\t\t\t\t\t\t\t\t\t\t\t\t\t\t\t\t\t<span >\n\t\t\t\t\t\t\t\t\t\tPodarite znanje. Na\u0161i te\u010daji teka na smu\u010deh in smu\u010danja, so strokovni, zabavni in prilagojeni posamezniku ter njegovemu predznanju.\t\t\t\t\t\t\t\t\t<\/span>\n\t\t\t\t\t\t\t\t\t\t\t\t\t\t\t\t<\/div>\n\t\t\t\t\t\t<\/li>\n\t\t\t\t\t\t\t\t\t\t\t<li class=\"elementor-repeater-item-0b729d4\">\n\t\t\t\t\t\t\t<div class=\"elementor-price-table__feature-inner\">\n\t\t\t\t\t\t\t\t\t\t\t\t\t\t\t\t\t\t\t\t\t\t\t\t\t<span >\n\t\t\t\t\t\t\t\t\t\tLahko izbirate med individualnimi urami ali skupinskimi te\u010daji teka na smu\u010deh in smu\u010danja. \t\t\t\t\t\t\t\t\t<\/span>\n\t\t\t\t\t\t\t\t\t\t\t\t\t\t\t\t<\/div>\n\t\t\t\t\t\t<\/li>\n\t\t\t\t\t\t\t\t\t\t\t<li class=\"elementor-repeater-item-fc6dc3b\">\n\t\t\t\t\t\t\t<div class=\"elementor-price-table__feature-inner\">\n\t\t\t\t\t\t\t\t\t\t\t\t\t\t\t\t\t\t\t\t\t\t\t\t\t<span >\n\t\t\t\t\t\t\t\t\t\tVse te\u010daje in individualne ure za vas izpeljemo v \u010crni na Koro\u0161kem, na Pokljuki, v Planici in na Bre\u0161kem jezeru v Avstriji ali na smu\u0161\u010di\u0161\u010du Peca, od decembra do marca.\t\t\t\t\t\t\t\t\t<\/span>\n\t\t\t\t\t\t\t\t\t\t\t\t\t\t\t\t<\/div>\n\t\t\t\t\t\t<\/li>\n\t\t\t\t\t\t\t\t\t<\/ul>\n\t\t\t\n\t\t\t\t\t\t\t<div class=\"elementor-price-table__footer\">\n\t\t\t\t\t\t\t\t\t\t\t<a class=\"elementor-price-table__button elementor-button elementor-size-md\" href=\"https:\/\/sportinkreativa.si\/Kontakt\/\">\n\t\t\t\t\t\t\tNaro\u010dite bon\t\t\t\t\t\t<\/a>\n\t\t\t\t\t\n\t\t\t\t\t\t\t\t\t\t\t<div class=\"elementor-price-table__additional_info\">\n\t\t\t\t\t\t\tVse informacije o nakupu darilnega bona lahko dobite na info@sportinkreativa.si ali na tel. \u0161t.: 00386 41 388 919. Darilne bode vam lahko po\u0161ljemo tudi po po\u0161ti.\t\t\t\t\t\t<\/div>\n\t\t\t\t\t\t\t\t\t<\/div>\n\t\t\t\t\t<\/div>\n\n\t\t\t\t\t<div class=\"elementor-ribbon\">\n\t\t\t\t<div class=\"elementor-ribbon-inner\">\n\t\t\t\t\tAKTUALNO\t\t\t\t<\/div>\n\t\t\t<\/div>\n\t\t\t\t\t\t\t<\/div>\n\t\t\t\t<div class=\"elementor-element elementor-element-7995a52 animated-slow elementor-invisible elementor-widget elementor-widget-price-table\" data-id=\"7995a52\" data-element_type=\"widget\" data-e-type=\"widget\" data-settings=\"{&quot;_animation&quot;:&quot;zoomIn&quot;}\" data-widget_type=\"price-table.default\">\n\t\t\t\t\t\t\t\n\t\t<div class=\"elementor-price-table\">\n\t\t\t\t\t\t\t<div class=\"elementor-price-table__header\">\n\t\t\t\t\t\t\t\t\t\t\t<h2 class=\"elementor-price-table__heading\">\n\t\t\t\t\t\tGORSKOKOLESARSKA DO\u017dIVETJA  \t\t\t\t\t\t<\/h2>\n\t\t\t\t\t\n\t\t\t\t\t\t\t\t\t\t\t<span class=\"elementor-price-table__subheading\">\n\t\t\t\t\t\t\t\u0160PORTNO KREATIVNO POLETJE\t\t\t\t\t\t<\/span>\n\t\t\t\t\t\t\t\t\t<\/div>\n\t\t\t\n\t\t\t<div class=\"elementor-price-table__price\">\n\t\t\t\t\t\t\t\t\t\t\t\t\t\t\t\t\t<span class=\"elementor-price-table__integer-part\">\n\t\t\t\t\t\tod 45 - 285\t\t\t\t\t<\/span>\n\t\t\t\t\n\t\t\t\t\n\t\t\t\t<span class=\"elementor-price-table__currency\">&#128;<\/span>\n\t\t\t\t\t\t\t<\/div>\n\n\t\t\t\t\t\t\t<ul class=\"elementor-price-table__features-list\">\n\t\t\t\t\t\t\t\t\t\t\t<li class=\"elementor-repeater-item-9367262\">\n\t\t\t\t\t\t\t<div class=\"elementor-price-table__feature-inner\">\n\t\t\t\t\t\t\t\t\t\t\t\t\t\t\t\t\t\t\t\t\t\t\t\t\t<span >\n\t\t\t\t\t\t\t\t\t\tPodarite do\u017eivetja in spomine. \t\t\t\t\t\t\t\t\t<\/span>\n\t\t\t\t\t\t\t\t\t\t\t\t\t\t\t\t<\/div>\n\t\t\t\t\t\t<\/li>\n\t\t\t\t\t\t\t\t\t\t\t<li class=\"elementor-repeater-item-d7ce913\">\n\t\t\t\t\t\t\t<div class=\"elementor-price-table__feature-inner\">\n\t\t\t\t\t\t\t\t\t\t\t\t\t\t\t\t\t\t\t\t\t\t\t\t\t<span >\n\t\t\t\t\t\t\t\t\t\tNa na\u0161ih MTB do\u017eivetjih vas popeljemo po res \u010dudovitih panoramskih cestah, kolovozih ter stezicah in vam skozi najlep\u0161e treile predstavimo res edinstveno in buti\u010dno gorsko kolesarsko destinacijo \u2013 Koro\u0161ko, Slovenija!\t\t\t\t\t\t\t\t\t<\/span>\n\t\t\t\t\t\t\t\t\t\t\t\t\t\t\t\t<\/div>\n\t\t\t\t\t\t<\/li>\n\t\t\t\t\t\t\t\t\t<\/ul>\n\t\t\t\n\t\t\t\t\t\t\t<div class=\"elementor-price-table__footer\">\n\t\t\t\t\t\t\t\t\t\t\t<a class=\"elementor-price-table__button elementor-button elementor-size-md\" href=\"https:\/\/sportinkreativa.si\/Kontakt\/\">\n\t\t\t\t\t\t\tNaro\u010dite bon\t\t\t\t\t\t<\/a>\n\t\t\t\t\t\n\t\t\t\t\t\t\t\t\t\t\t<div class=\"elementor-price-table__additional_info\">\n\t\t\t\t\t\t\tVse informacije o nakupu darilnega bona lahko dobite na info@sportinkreativa.si ali na tel. \u0161t.: 00386 41 388 919. Darilne bode vam lahko po\u0161ljemo tudi po po\u0161ti.\t\t\t\t\t\t<\/div>\n\t\t\t\t\t\t\t\t\t<\/div>\n\t\t\t\t\t<\/div>\n\n\t\t\t\t\t\t<\/div>\n\t\t\t\t<div class=\"elementor-element elementor-element-282e86c animated-slow elementor-invisible elementor-widget elementor-widget-price-table\" data-id=\"282e86c\" data-element_type=\"widget\" data-e-type=\"widget\" data-settings=\"{&quot;_animation&quot;:&quot;zoomIn&quot;}\" data-widget_type=\"price-table.default\">\n\t\t\t\t\t\t\t\n\t\t<div class=\"elementor-price-table\">\n\t\t\t\t\t\t\t<div class=\"elementor-price-table__header\">\n\t\t\t\t\t\t\t\t\t\t\t<h2 class=\"elementor-price-table__heading\">\n\t\t\t\t\t\tVREDNOSTNI DARILNI BON\t\t\t\t\t\t<\/h2>\n\t\t\t\t\t\n\t\t\t\t\t\t\t\t\t\t\t<span class=\"elementor-price-table__subheading\">\n\t\t\t\t\t\t\t\u0160PORT IN KREATIVA\t\t\t\t\t\t<\/span>\n\t\t\t\t\t\t\t\t\t<\/div>\n\t\t\t\n\t\t\t<div class=\"elementor-price-table__price\">\n\t\t\t\t\t\t\t\t\t\t\t\t\t\t\t\t\t<span class=\"elementor-price-table__integer-part\">\n\t\t\t\t\t\t40\t\t\t\t\t<\/span>\n\t\t\t\t\n\t\t\t\t\n\t\t\t\t<span class=\"elementor-price-table__currency\">&#128;<\/span>\n\t\t\t\t\t\t\t<\/div>\n\n\t\t\t\t\t\t\t<ul class=\"elementor-price-table__features-list\">\n\t\t\t\t\t\t\t\t\t\t\t<li class=\"elementor-repeater-item-9367262\">\n\t\t\t\t\t\t\t<div class=\"elementor-price-table__feature-inner\">\n\t\t\t\t\t\t\t\t\t\t\t\t\t\t\t\t\t\t\t\t\t\t\t\t\t<span >\n\t\t\t\t\t\t\t\t\t\tVrednostni bon lahko vzamete za na\u0161o celotno ponudbo oz. bon ovrednotimo po va\u0161ih \u017eeljah.\t\t\t\t\t\t\t\t\t<\/span>\n\t\t\t\t\t\t\t\t\t\t\t\t\t\t\t\t<\/div>\n\t\t\t\t\t\t<\/li>\n\t\t\t\t\t\t\t\t\t<\/ul>\n\t\t\t\n\t\t\t\t\t\t\t<div class=\"elementor-price-table__footer\">\n\t\t\t\t\t\t\t\t\t\t\t<a class=\"elementor-price-table__button elementor-button elementor-size-md\" href=\"https:\/\/sportinkreativa.si\/Kontakt\/\">\n\t\t\t\t\t\t\tNaro\u010dite bon\t\t\t\t\t\t<\/a>\n\t\t\t\t\t\n\t\t\t\t\t\t\t\t\t\t\t<div class=\"elementor-price-table__additional_info\">\n\t\t\t\t\t\t\tVse informacije o nakupu darilnega bona lahko dobite na info@sportinkreativa.si ali na tel. \u0161t.: 00386 41 388 919. Darilne bode vam lahko po\u0161ljemo tudi po po\u0161ti.\t\t\t\t\t\t<\/div>\n\t\t\t\t\t\t\t\t\t<\/div>\n\t\t\t\t\t<\/div>\n\n\t\t\t\t\t<div class=\"elementor-ribbon\">\n\t\t\t\t<div class=\"elementor-ribbon-inner\">\n\t\t\t\t\tAKTUALNO\t\t\t\t<\/div>\n\t\t\t<\/div>\n\t\t\t\t\t\t\t<\/div>\n\t\t\t\t\t<\/div>\n\t\t\t\t<\/div>\n\t\t\t\t<\/div>\n\t\t","protected":false},"excerpt":{"rendered":"<p>\u0160port in kreativa DARILNI BONI DARILNI BONI PODJETJA \u0160PORT IN KREATIVA ZA TISTE, KI JIM JE \u010cAS VREDNOTA &#8211; PODARITE JIM NA\u0160E NEPOZABNE MTB AVANTURE ALI TE\u010cAJE TEKA NA SMU\u010cEH ALI SMU\u010cANJA NA KORO\u0160KEM. DARILNI BONI TE\u010cAJI TEKA NA SMU\u010cEH IN SMU\u010cANJA \u0160PORTNO KREATIVNA ZIMA od 40 \u2013 170 &#8364; Podarite znanje. Na\u0161i te\u010daji teka [&hellip;]<\/p>\n","protected":false},"author":1,"featured_media":0,"parent":0,"menu_order":0,"comment_status":"closed","ping_status":"closed","template":"","meta":{"footnotes":""},"class_list":["post-835","page","type-page","status-publish","hentry"],"yoast_head":"<!-- This site is optimized with the Yoast SEO plugin v24.2 - https:\/\/yoast.com\/wordpress\/plugins\/seo\/ -->\n<title>DARILNI BONI | \u0160port in kreativa<\/title>\n<meta name=\"description\" content=\"\u0160port in kreativa - darilni boni\" \/>\n<meta name=\"robots\" content=\"index, follow, max-snippet:-1, max-image-preview:large, max-video-preview:-1\" \/>\n<link rel=\"canonical\" href=\"https:\/\/sportinkreativa.si\/en\/darilni-boni\/\" \/>\n<meta property=\"og:locale\" content=\"en_US\" \/>\n<meta property=\"og:type\" content=\"article\" \/>\n<meta property=\"og:title\" content=\"DARILNI BONI | \u0160port in kreativa\" \/>\n<meta property=\"og:description\" content=\"\u0160port in kreativa - darilni boni\" \/>\n<meta property=\"og:url\" content=\"https:\/\/sportinkreativa.si\/en\/darilni-boni\/\" \/>\n<meta property=\"og:site_name\" content=\"\u0160port in kreativa\" \/>\n<meta property=\"article:publisher\" content=\"https:\/\/www.facebook.com\/sportinkreativa.si\/\" \/>\n<meta property=\"article:modified_time\" content=\"2025-01-04T21:30:15+00:00\" \/>\n<meta name=\"twitter:card\" content=\"summary_large_image\" \/>\n<script type=\"application\/ld+json\" class=\"yoast-schema-graph\">{\"@context\":\"https:\/\/schema.org\",\"@graph\":[{\"@type\":\"WebPage\",\"@id\":\"https:\/\/sportinkreativa.si\/darilni-boni\/\",\"url\":\"https:\/\/sportinkreativa.si\/darilni-boni\/\",\"name\":\"DARILNI BONI | \u0160port in kreativa\",\"isPartOf\":{\"@id\":\"https:\/\/sportinkreativa.si\/#website\"},\"datePublished\":\"2024-11-29T18:24:11+00:00\",\"dateModified\":\"2025-01-04T21:30:15+00:00\",\"description\":\"\u0160port in kreativa - darilni boni\",\"breadcrumb\":{\"@id\":\"https:\/\/sportinkreativa.si\/darilni-boni\/#breadcrumb\"},\"inLanguage\":\"en-US\",\"potentialAction\":[{\"@type\":\"ReadAction\",\"target\":[\"https:\/\/sportinkreativa.si\/darilni-boni\/\"]}]},{\"@type\":\"BreadcrumbList\",\"@id\":\"https:\/\/sportinkreativa.si\/darilni-boni\/#breadcrumb\",\"itemListElement\":[{\"@type\":\"ListItem\",\"position\":1,\"name\":\"Home\",\"item\":\"https:\/\/sportinkreativa.si\/\"},{\"@type\":\"ListItem\",\"position\":2,\"name\":\"DARILNI BONI\"}]},{\"@type\":\"WebSite\",\"@id\":\"https:\/\/sportinkreativa.si\/#website\",\"url\":\"https:\/\/sportinkreativa.si\/\",\"name\":\"\u0160port in kreativa\",\"description\":\"Izhodi\u0161\u010de za nepozabne outdoor avanture na Koro\u0161kem.\",\"publisher\":{\"@id\":\"https:\/\/sportinkreativa.si\/#organization\"},\"potentialAction\":[{\"@type\":\"SearchAction\",\"target\":{\"@type\":\"EntryPoint\",\"urlTemplate\":\"https:\/\/sportinkreativa.si\/?s={search_term_string}\"},\"query-input\":{\"@type\":\"PropertyValueSpecification\",\"valueRequired\":true,\"valueName\":\"search_term_string\"}}],\"inLanguage\":\"en-US\"},{\"@type\":\"Organization\",\"@id\":\"https:\/\/sportinkreativa.si\/#organization\",\"name\":\"\u0160port in kreativa\",\"url\":\"https:\/\/sportinkreativa.si\/\",\"logo\":{\"@type\":\"ImageObject\",\"inLanguage\":\"en-US\",\"@id\":\"https:\/\/sportinkreativa.si\/#\/schema\/logo\/image\/\",\"url\":\"https:\/\/sportinkreativa.si\/wp-content\/uploads\/2024\/10\/logo.svg\",\"contentUrl\":\"https:\/\/sportinkreativa.si\/wp-content\/uploads\/2024\/10\/logo.svg\",\"width\":443,\"height\":443,\"caption\":\"\u0160port in kreativa\"},\"image\":{\"@id\":\"https:\/\/sportinkreativa.si\/#\/schema\/logo\/image\/\"},\"sameAs\":[\"https:\/\/www.facebook.com\/sportinkreativa.si\/\",\"https:\/\/www.instagram.com\/sportinkreativa\/\"]}]}<\/script>\n<!-- \/ Yoast SEO plugin. -->","yoast_head_json":{"title":"DARILNI BONI | \u0160port in kreativa","description":"\u0160port in kreativa - darilni boni","robots":{"index":"index","follow":"follow","max-snippet":"max-snippet:-1","max-image-preview":"max-image-preview:large","max-video-preview":"max-video-preview:-1"},"canonical":"https:\/\/sportinkreativa.si\/en\/darilni-boni\/","og_locale":"en_US","og_type":"article","og_title":"DARILNI BONI | \u0160port in kreativa","og_description":"\u0160port in kreativa - darilni boni","og_url":"https:\/\/sportinkreativa.si\/en\/darilni-boni\/","og_site_name":"\u0160port in kreativa","article_publisher":"https:\/\/www.facebook.com\/sportinkreativa.si\/","article_modified_time":"2025-01-04T21:30:15+00:00","twitter_card":"summary_large_image","schema":{"@context":"https:\/\/schema.org","@graph":[{"@type":"WebPage","@id":"https:\/\/sportinkreativa.si\/darilni-boni\/","url":"https:\/\/sportinkreativa.si\/darilni-boni\/","name":"DARILNI BONI | \u0160port in kreativa","isPartOf":{"@id":"https:\/\/sportinkreativa.si\/#website"},"datePublished":"2024-11-29T18:24:11+00:00","dateModified":"2025-01-04T21:30:15+00:00","description":"\u0160port in kreativa - darilni boni","breadcrumb":{"@id":"https:\/\/sportinkreativa.si\/darilni-boni\/#breadcrumb"},"inLanguage":"en-US","potentialAction":[{"@type":"ReadAction","target":["https:\/\/sportinkreativa.si\/darilni-boni\/"]}]},{"@type":"BreadcrumbList","@id":"https:\/\/sportinkreativa.si\/darilni-boni\/#breadcrumb","itemListElement":[{"@type":"ListItem","position":1,"name":"Home","item":"https:\/\/sportinkreativa.si\/"},{"@type":"ListItem","position":2,"name":"DARILNI BONI"}]},{"@type":"WebSite","@id":"https:\/\/sportinkreativa.si\/#website","url":"https:\/\/sportinkreativa.si\/","name":"\u0160port in kreativa","description":"Izhodi\u0161\u010de za nepozabne outdoor avanture na Koro\u0161kem.","publisher":{"@id":"https:\/\/sportinkreativa.si\/#organization"},"potentialAction":[{"@type":"SearchAction","target":{"@type":"EntryPoint","urlTemplate":"https:\/\/sportinkreativa.si\/?s={search_term_string}"},"query-input":{"@type":"PropertyValueSpecification","valueRequired":true,"valueName":"search_term_string"}}],"inLanguage":"en-US"},{"@type":"Organization","@id":"https:\/\/sportinkreativa.si\/#organization","name":"\u0160port in kreativa","url":"https:\/\/sportinkreativa.si\/","logo":{"@type":"ImageObject","inLanguage":"en-US","@id":"https:\/\/sportinkreativa.si\/#\/schema\/logo\/image\/","url":"https:\/\/sportinkreativa.si\/wp-content\/uploads\/2024\/10\/logo.svg","contentUrl":"https:\/\/sportinkreativa.si\/wp-content\/uploads\/2024\/10\/logo.svg","width":443,"height":443,"caption":"\u0160port in kreativa"},"image":{"@id":"https:\/\/sportinkreativa.si\/#\/schema\/logo\/image\/"},"sameAs":["https:\/\/www.facebook.com\/sportinkreativa.si\/","https:\/\/www.instagram.com\/sportinkreativa\/"]}]}},"_links":{"self":[{"href":"https:\/\/sportinkreativa.si\/en\/wp-json\/wp\/v2\/pages\/835","targetHints":{"allow":["GET"]}}],"collection":[{"href":"https:\/\/sportinkreativa.si\/en\/wp-json\/wp\/v2\/pages"}],"about":[{"href":"https:\/\/sportinkreativa.si\/en\/wp-json\/wp\/v2\/types\/page"}],"author":[{"embeddable":true,"href":"https:\/\/sportinkreativa.si\/en\/wp-json\/wp\/v2\/users\/1"}],"replies":[{"embeddable":true,"href":"https:\/\/sportinkreativa.si\/en\/wp-json\/wp\/v2\/comments?post=835"}],"version-history":[{"count":76,"href":"https:\/\/sportinkreativa.si\/en\/wp-json\/wp\/v2\/pages\/835\/revisions"}],"predecessor-version":[{"id":3699,"href":"https:\/\/sportinkreativa.si\/en\/wp-json\/wp\/v2\/pages\/835\/revisions\/3699"}],"wp:attachment":[{"href":"https:\/\/sportinkreativa.si\/en\/wp-json\/wp\/v2\/media?parent=835"}],"curies":[{"name":"wp","href":"https:\/\/api.w.org\/{rel}","templated":true}]}}