{"id":409,"date":"2024-11-16T22:09:40","date_gmt":"2024-11-16T22:09:40","guid":{"rendered":"https:\/\/sportinkreativa.si\/?page_id=409"},"modified":"2025-01-12T18:34:10","modified_gmt":"2025-01-12T18:34:10","slug":"kolesarjenje","status":"publish","type":"page","link":"https:\/\/sportinkreativa.si\/en\/kolesarjenje\/","title":{"rendered":"Biking"},"content":{"rendered":"\t\t<div data-elementor-type=\"wp-page\" data-elementor-id=\"409\" class=\"elementor elementor-409\" data-elementor-post-type=\"page\">\n\t\t\t\t<div class=\"elementor-element elementor-element-499320f0 e-con-full e-flex e-con e-parent\" data-id=\"499320f0\" data-element_type=\"container\" data-e-type=\"container\" data-settings=\"{&quot;background_background&quot;:&quot;slideshow&quot;,&quot;shape_divider_bottom&quot;:&quot;pyramids&quot;,&quot;background_slideshow_gallery&quot;:[{&quot;id&quot;:206,&quot;url&quot;:&quot;https:\\\/\\\/sportinkreativa.si\\\/wp-content\\\/uploads\\\/2024\\\/10\\\/Sportinkreativa_naslovna3-1.png&quot;}],&quot;background_slideshow_loop&quot;:&quot;yes&quot;,&quot;background_slideshow_slide_duration&quot;:5000,&quot;background_slideshow_slide_transition&quot;:&quot;fade&quot;,&quot;background_slideshow_transition_duration&quot;:500}\">\n\t\t\t\t<div class=\"elementor-shape elementor-shape-bottom\" aria-hidden=\"true\" data-negative=\"false\">\n\t\t\t<svg xmlns=\"http:\/\/www.w3.org\/2000\/svg\" viewBox=\"0 0 1000 100\" preserveAspectRatio=\"none\">\n\t<path class=\"elementor-shape-fill\" d=\"M761.9,44.1L643.1,27.2L333.8,98L0,3.8V0l1000,0v3.9\"\/>\n<\/svg>\t\t<\/div>\n\t\t<div class=\"elementor-element elementor-element-4077c33 e-flex e-con-boxed e-con e-child\" data-id=\"4077c33\" data-element_type=\"container\" data-e-type=\"container\">\n\t\t\t\t\t<div class=\"e-con-inner\">\n\t\t\t\t<div class=\"elementor-element elementor-element-2a273703 elementor-widget elementor-widget-heading\" data-id=\"2a273703\" data-element_type=\"widget\" data-e-type=\"widget\" data-widget_type=\"heading.default\">\n\t\t\t\t\t\t\t<h1 class=\"elementor-heading-title elementor-size-default\">\u0160portno kreativno poletje<\/h1>\t\t\t\t<\/div>\n\t\t\t\t<div class=\"elementor-element elementor-element-0b7c784 elementor-widget elementor-widget-heading\" data-id=\"0b7c784\" data-element_type=\"widget\" data-e-type=\"widget\" data-widget_type=\"heading.default\">\n\t\t\t\t\t\t\t<h4 class=\"elementor-heading-title elementor-size-default\">Kolesarjenje<\/h4>\t\t\t\t<\/div>\n\t\t\t\t\t<\/div>\n\t\t\t\t<\/div>\n\t\t\t\t<\/div>\n\t\t<div class=\"elementor-element elementor-element-545f320d e-flex e-con-boxed e-con e-parent\" data-id=\"545f320d\" data-element_type=\"container\" data-e-type=\"container\" data-settings=\"{&quot;background_background&quot;:&quot;classic&quot;}\">\n\t\t\t\t\t<div class=\"e-con-inner\">\n\t\t\t\t<div class=\"elementor-element elementor-element-dcef6b0 elementor-widget elementor-widget-text-editor\" data-id=\"dcef6b0\" data-element_type=\"widget\" data-e-type=\"widget\" data-widget_type=\"text-editor.default\">\n\t\t\t\t\t\t\t\t\t\t\t<p><strong>ORGANIZIRAMO<\/strong><\/p><ul><li>Vodene eno- ali ve\u010ddnevne MTB ture: Allmountain, Enduro, dru\u017einska kolesarjenja, Ebike kolesarjenja, kolesarjenja za podjetja \u2026,<\/li><li>\u0160port in kreativa Teambuilding dogodki na kolesu in ob nepozabnem panoramskem in kulinari\u010dnem razvajanju nekje v naravi z edinstvenim razgledom na mogo\u010dno goro Peco ali Raduho,<\/li><li>Otro\u0161ko MTB varstvo (ko star\u0161i kolesarijo, mi poskrbimo za va\u0161e najmlaj\u0161e),<\/li><li>Adrenalinsko skozi \u010crno na Koro\u0161kem: posebno \u010crna OUTDOOR village do\u017eivetje (razgledna Mtb tura, zipline in kulinari\u010dna eksplozija nekje na avtenti\u010dni koro\u0161ki kmetiji),<\/li><li>Izposoja MTB e-koles \u2026in \u0161e ve\u010d.<\/li><\/ul>\t\t\t\t\t\t\t\t<\/div>\n\t\t\t\t<div class=\"elementor-element elementor-element-f2875f2 elementor-widget elementor-widget-text-editor\" data-id=\"f2875f2\" data-element_type=\"widget\" data-e-type=\"widget\" data-widget_type=\"text-editor.default\">\n\t\t\t\t\t\t\t\t\t\t\t<p><strong>ZAKAJ JE KORO\u0160KA EDINSTVENA &#8211; BUTI\u010cNA GORSKO KOLESARSKA DESTINACIJA?<\/strong><\/p><ul><li>Zaradi spektakularne, \u0161e neokrnjene narave, izjemnih razgledov, misti\u010dnih gozdov in skritih koti\u010dkov, ki jih lahko odkrijete samo na gorskem kolesu,<\/li><li>Zaradi razvejenih kolesarskih poti, nikoli kon\u010danih izzivalnih trailov, panoramskih gravel cest, kolovozov in stezic, ki ponujajo u\u017eitke tako za\u010detnikom kot tudi izku\u0161enim kolesarjem,<\/li><li>Zaradi edinstvene lokacije zgornje Me\u017ei\u0161ke doline, ki jo obdajajo alpski vrhovi Pece, Raduhe, Ol\u0161eve, Smrekovca in Ur\u0161lje gore,<\/li><li>Zaradi kulturnih in kulinari\u010dnih prese\u017ekov, ki omogo\u010dajo nepozabna outdoor do\u017eivetja.<\/li><\/ul>\t\t\t\t\t\t\t\t<\/div>\n\t\t\t\t<div class=\"elementor-element elementor-element-d6bcaf0 elementor-invisible elementor-widget elementor-widget-text-editor\" data-id=\"d6bcaf0\" data-element_type=\"widget\" data-e-type=\"widget\" data-settings=\"{&quot;_animation&quot;:&quot;zoomIn&quot;}\" data-widget_type=\"text-editor.default\">\n\t\t\t\t\t\t\t\t\t\t\t<p><strong>VA\u0160A NASLEDNJA KOLESARSKA AVANTURA VAS \u010cAKA NA KORO\u0160KEM \u2013 V \u010cRNI NA KORO\u0160KEM!<\/strong><\/p>\t\t\t\t\t\t\t\t<\/div>\n\t\t\t\t\t<\/div>\n\t\t\t\t<\/div>\n\t\t<div class=\"elementor-element elementor-element-0e2c296 e-con-full e-flex e-con e-parent\" data-id=\"0e2c296\" data-element_type=\"container\" data-e-type=\"container\">\n\t\t\t\t<div class=\"elementor-element elementor-element-0666162 elementor-widget elementor-widget-gallery\" data-id=\"0666162\" data-element_type=\"widget\" data-e-type=\"widget\" data-settings=\"{&quot;gap&quot;:{&quot;unit&quot;:&quot;px&quot;,&quot;size&quot;:0,&quot;sizes&quot;:[]},&quot;gap_tablet&quot;:{&quot;unit&quot;:&quot;px&quot;,&quot;size&quot;:0,&quot;sizes&quot;:[]},&quot;gap_mobile&quot;:{&quot;unit&quot;:&quot;px&quot;,&quot;size&quot;:0,&quot;sizes&quot;:[]},&quot;gallery_layout&quot;:&quot;grid&quot;,&quot;columns&quot;:4,&quot;columns_tablet&quot;:2,&quot;columns_mobile&quot;:1,&quot;link_to&quot;:&quot;file&quot;,&quot;aspect_ratio&quot;:&quot;3:2&quot;,&quot;overlay_background&quot;:&quot;yes&quot;,&quot;content_hover_animation&quot;:&quot;fade-in&quot;}\" data-widget_type=\"gallery.default\">\n\t\t\t\t\t\t\t\t\t<div class=\"elementor-gallery__container\">\n\t\t\t\t\t\t\t<a class=\"e-gallery-item elementor-gallery-item elementor-animated-content\" href=\"https:\/\/sportinkreativa.si\/wp-content\/uploads\/2024\/12\/Sport_in_kreativa_kolesarjenje4.webp\" data-elementor-open-lightbox=\"yes\" data-elementor-lightbox-slideshow=\"0666162\" data-elementor-lightbox-title=\"Sport_in_kreativa_kolesarjenje4\" data-e-action-hash=\"#elementor-action%3Aaction%3Dlightbox%26settings%3DeyJpZCI6MzM1MiwidXJsIjoiaHR0cHM6XC9cL3Nwb3J0aW5rcmVhdGl2YS5zaVwvd3AtY29udGVudFwvdXBsb2Fkc1wvMjAyNFwvMTJcL1Nwb3J0X2luX2tyZWF0aXZhX2tvbGVzYXJqZW5qZTQud2VicCIsInNsaWRlc2hvdyI6IjA2NjYxNjIifQ%3D%3D\">\n\t\t\t\t\t<div class=\"e-gallery-image elementor-gallery-item__image\" data-thumbnail=\"https:\/\/sportinkreativa.si\/wp-content\/uploads\/2024\/12\/Sport_in_kreativa_kolesarjenje4-768x576.webp\" data-width=\"768\" data-height=\"576\" aria-label=\"\" role=\"img\" ><\/div>\n\t\t\t\t\t\t\t\t\t\t\t<div class=\"elementor-gallery-item__overlay\"><\/div>\n\t\t\t\t\t\t\t\t\t\t\t\t\t\t<\/a>\n\t\t\t\t\t\t\t<a class=\"e-gallery-item elementor-gallery-item elementor-animated-content\" href=\"https:\/\/sportinkreativa.si\/wp-content\/uploads\/2024\/12\/Sport_in_kreativa_kolesarjenje3.webp\" data-elementor-open-lightbox=\"yes\" data-elementor-lightbox-slideshow=\"0666162\" data-elementor-lightbox-title=\"Sport_in_kreativa_kolesarjenje3\" data-e-action-hash=\"#elementor-action%3Aaction%3Dlightbox%26settings%3DeyJpZCI6MzM1MSwidXJsIjoiaHR0cHM6XC9cL3Nwb3J0aW5rcmVhdGl2YS5zaVwvd3AtY29udGVudFwvdXBsb2Fkc1wvMjAyNFwvMTJcL1Nwb3J0X2luX2tyZWF0aXZhX2tvbGVzYXJqZW5qZTMud2VicCIsInNsaWRlc2hvdyI6IjA2NjYxNjIifQ%3D%3D\">\n\t\t\t\t\t<div class=\"e-gallery-image elementor-gallery-item__image\" data-thumbnail=\"https:\/\/sportinkreativa.si\/wp-content\/uploads\/2024\/12\/Sport_in_kreativa_kolesarjenje3-768x511.webp\" data-width=\"768\" data-height=\"511\" aria-label=\"\" role=\"img\" ><\/div>\n\t\t\t\t\t\t\t\t\t\t\t<div class=\"elementor-gallery-item__overlay\"><\/div>\n\t\t\t\t\t\t\t\t\t\t\t\t\t\t<\/a>\n\t\t\t\t\t\t\t<a class=\"e-gallery-item elementor-gallery-item elementor-animated-content\" href=\"https:\/\/sportinkreativa.si\/wp-content\/uploads\/2024\/12\/Sport_in_kreativa_kolesarjenje2.webp\" data-elementor-open-lightbox=\"yes\" data-elementor-lightbox-slideshow=\"0666162\" data-elementor-lightbox-title=\"Sport_in_kreativa_kolesarjenje2\" data-e-action-hash=\"#elementor-action%3Aaction%3Dlightbox%26settings%3DeyJpZCI6MzM1MCwidXJsIjoiaHR0cHM6XC9cL3Nwb3J0aW5rcmVhdGl2YS5zaVwvd3AtY29udGVudFwvdXBsb2Fkc1wvMjAyNFwvMTJcL1Nwb3J0X2luX2tyZWF0aXZhX2tvbGVzYXJqZW5qZTIud2VicCIsInNsaWRlc2hvdyI6IjA2NjYxNjIifQ%3D%3D\">\n\t\t\t\t\t<div class=\"e-gallery-image elementor-gallery-item__image\" data-thumbnail=\"https:\/\/sportinkreativa.si\/wp-content\/uploads\/2024\/12\/Sport_in_kreativa_kolesarjenje2-768x1154.webp\" data-width=\"768\" data-height=\"1154\" aria-label=\"\" role=\"img\" ><\/div>\n\t\t\t\t\t\t\t\t\t\t\t<div class=\"elementor-gallery-item__overlay\"><\/div>\n\t\t\t\t\t\t\t\t\t\t\t\t\t\t<\/a>\n\t\t\t\t\t\t\t<a class=\"e-gallery-item elementor-gallery-item elementor-animated-content\" href=\"https:\/\/sportinkreativa.si\/wp-content\/uploads\/2024\/12\/Sport_in_kreativa_kolesarjenje1.webp\" data-elementor-open-lightbox=\"yes\" data-elementor-lightbox-slideshow=\"0666162\" data-elementor-lightbox-title=\"Sport_in_kreativa_kolesarjenje1\" data-e-action-hash=\"#elementor-action%3Aaction%3Dlightbox%26settings%3DeyJpZCI6MzM0OSwidXJsIjoiaHR0cHM6XC9cL3Nwb3J0aW5rcmVhdGl2YS5zaVwvd3AtY29udGVudFwvdXBsb2Fkc1wvMjAyNFwvMTJcL1Nwb3J0X2luX2tyZWF0aXZhX2tvbGVzYXJqZW5qZTEud2VicCIsInNsaWRlc2hvdyI6IjA2NjYxNjIifQ%3D%3D\">\n\t\t\t\t\t<div class=\"e-gallery-image elementor-gallery-item__image\" data-thumbnail=\"https:\/\/sportinkreativa.si\/wp-content\/uploads\/2024\/12\/Sport_in_kreativa_kolesarjenje1-768x511.webp\" data-width=\"768\" data-height=\"511\" aria-label=\"\" role=\"img\" ><\/div>\n\t\t\t\t\t\t\t\t\t\t\t<div class=\"elementor-gallery-item__overlay\"><\/div>\n\t\t\t\t\t\t\t\t\t\t\t\t\t\t<\/a>\n\t\t\t\t\t<\/div>\n\t\t\t\t\t<\/div>\n\t\t\t\t<div class=\"elementor-element elementor-element-9d5a8b4 elementor-widget elementor-widget-video\" data-id=\"9d5a8b4\" data-element_type=\"widget\" data-e-type=\"widget\" data-settings=\"{&quot;video_type&quot;:&quot;hosted&quot;,&quot;loop&quot;:&quot;yes&quot;,&quot;controls&quot;:&quot;yes&quot;}\" data-widget_type=\"video.default\">\n\t\t\t\t\t\t\t\t\t<div class=\"e-hosted-video elementor-wrapper elementor-open-inline\">\n\t\t\t\t\t<video class=\"elementor-video\" src=\"https:\/\/sportinkreativa.si\/wp-content\/uploads\/2025\/01\/kolesarjenje.webm\" loop=\"\" controls=\"\" preload=\"metadata\" controlsList=\"nodownload\"><\/video>\n\t\t\t\t<\/div>\n\t\t\t\t\t\t<\/div>\n\t\t\t\t<\/div>\n\t\t\t\t<\/div>\n\t\t","protected":false},"excerpt":{"rendered":"<p>\u0160portno kreativno poletje Kolesarjenje ORGANIZIRAMO Vodene eno- ali ve\u010ddnevne MTB ture: Allmountain, Enduro, dru\u017einska kolesarjenja, Ebike kolesarjenja, kolesarjenja za podjetja \u2026, \u0160port in kreativa Teambuilding dogodki na kolesu in ob nepozabnem panoramskem in kulinari\u010dnem razvajanju nekje v naravi z edinstvenim razgledom na mogo\u010dno goro Peco ali Raduho, Otro\u0161ko MTB varstvo (ko star\u0161i kolesarijo, mi poskrbimo [&hellip;]<\/p>\n","protected":false},"author":1,"featured_media":0,"parent":0,"menu_order":0,"comment_status":"closed","ping_status":"closed","template":"","meta":{"footnotes":""},"class_list":["post-409","page","type-page","status-publish","hentry"],"yoast_head":"<!-- This site is optimized with the Yoast SEO plugin v24.2 - https:\/\/yoast.com\/wordpress\/plugins\/seo\/ -->\n<title>KOLESARJENJE | \u0160port in kreativa<\/title>\n<meta name=\"description\" content=\"\u0160portno kreativno poletje - Kolesarjenje\" \/>\n<meta name=\"robots\" content=\"index, follow, max-snippet:-1, max-image-preview:large, max-video-preview:-1\" \/>\n<link rel=\"canonical\" href=\"https:\/\/sportinkreativa.si\/en\/kolesarjenje\/\" \/>\n<meta property=\"og:locale\" content=\"en_US\" \/>\n<meta property=\"og:type\" content=\"article\" \/>\n<meta property=\"og:title\" content=\"KOLESARJENJE | \u0160port in kreativa\" \/>\n<meta property=\"og:description\" content=\"\u0160portno kreativno poletje - Kolesarjenje\" \/>\n<meta property=\"og:url\" content=\"https:\/\/sportinkreativa.si\/en\/kolesarjenje\/\" \/>\n<meta property=\"og:site_name\" content=\"\u0160port in kreativa\" \/>\n<meta property=\"article:publisher\" content=\"https:\/\/www.facebook.com\/sportinkreativa.si\/\" \/>\n<meta property=\"article:modified_time\" content=\"2025-01-12T18:34:10+00:00\" \/>\n<meta name=\"twitter:card\" content=\"summary_large_image\" \/>\n<script type=\"application\/ld+json\" class=\"yoast-schema-graph\">{\"@context\":\"https:\/\/schema.org\",\"@graph\":[{\"@type\":\"WebPage\",\"@id\":\"https:\/\/sportinkreativa.si\/kolesarjenje\/\",\"url\":\"https:\/\/sportinkreativa.si\/kolesarjenje\/\",\"name\":\"KOLESARJENJE | \u0160port in kreativa\",\"isPartOf\":{\"@id\":\"https:\/\/sportinkreativa.si\/#website\"},\"datePublished\":\"2024-11-16T22:09:40+00:00\",\"dateModified\":\"2025-01-12T18:34:10+00:00\",\"description\":\"\u0160portno kreativno poletje - Kolesarjenje\",\"breadcrumb\":{\"@id\":\"https:\/\/sportinkreativa.si\/kolesarjenje\/#breadcrumb\"},\"inLanguage\":\"en-US\",\"potentialAction\":[{\"@type\":\"ReadAction\",\"target\":[\"https:\/\/sportinkreativa.si\/kolesarjenje\/\"]}]},{\"@type\":\"BreadcrumbList\",\"@id\":\"https:\/\/sportinkreativa.si\/kolesarjenje\/#breadcrumb\",\"itemListElement\":[{\"@type\":\"ListItem\",\"position\":1,\"name\":\"Home\",\"item\":\"https:\/\/sportinkreativa.si\/\"},{\"@type\":\"ListItem\",\"position\":2,\"name\":\"KOLESARJENJE\"}]},{\"@type\":\"WebSite\",\"@id\":\"https:\/\/sportinkreativa.si\/#website\",\"url\":\"https:\/\/sportinkreativa.si\/\",\"name\":\"\u0160port in kreativa\",\"description\":\"Izhodi\u0161\u010de za nepozabne outdoor avanture na Koro\u0161kem.\",\"publisher\":{\"@id\":\"https:\/\/sportinkreativa.si\/#organization\"},\"potentialAction\":[{\"@type\":\"SearchAction\",\"target\":{\"@type\":\"EntryPoint\",\"urlTemplate\":\"https:\/\/sportinkreativa.si\/?s={search_term_string}\"},\"query-input\":{\"@type\":\"PropertyValueSpecification\",\"valueRequired\":true,\"valueName\":\"search_term_string\"}}],\"inLanguage\":\"en-US\"},{\"@type\":\"Organization\",\"@id\":\"https:\/\/sportinkreativa.si\/#organization\",\"name\":\"\u0160port in kreativa\",\"url\":\"https:\/\/sportinkreativa.si\/\",\"logo\":{\"@type\":\"ImageObject\",\"inLanguage\":\"en-US\",\"@id\":\"https:\/\/sportinkreativa.si\/#\/schema\/logo\/image\/\",\"url\":\"https:\/\/sportinkreativa.si\/wp-content\/uploads\/2024\/10\/logo.svg\",\"contentUrl\":\"https:\/\/sportinkreativa.si\/wp-content\/uploads\/2024\/10\/logo.svg\",\"width\":443,\"height\":443,\"caption\":\"\u0160port in kreativa\"},\"image\":{\"@id\":\"https:\/\/sportinkreativa.si\/#\/schema\/logo\/image\/\"},\"sameAs\":[\"https:\/\/www.facebook.com\/sportinkreativa.si\/\",\"https:\/\/www.instagram.com\/sportinkreativa\/\"]}]}<\/script>\n<!-- \/ Yoast SEO plugin. -->","yoast_head_json":{"title":"KOLESARJENJE | \u0160port in kreativa","description":"\u0160portno kreativno poletje - Kolesarjenje","robots":{"index":"index","follow":"follow","max-snippet":"max-snippet:-1","max-image-preview":"max-image-preview:large","max-video-preview":"max-video-preview:-1"},"canonical":"https:\/\/sportinkreativa.si\/en\/kolesarjenje\/","og_locale":"en_US","og_type":"article","og_title":"KOLESARJENJE | \u0160port in kreativa","og_description":"\u0160portno kreativno poletje - Kolesarjenje","og_url":"https:\/\/sportinkreativa.si\/en\/kolesarjenje\/","og_site_name":"\u0160port in kreativa","article_publisher":"https:\/\/www.facebook.com\/sportinkreativa.si\/","article_modified_time":"2025-01-12T18:34:10+00:00","twitter_card":"summary_large_image","schema":{"@context":"https:\/\/schema.org","@graph":[{"@type":"WebPage","@id":"https:\/\/sportinkreativa.si\/kolesarjenje\/","url":"https:\/\/sportinkreativa.si\/kolesarjenje\/","name":"KOLESARJENJE | \u0160port in kreativa","isPartOf":{"@id":"https:\/\/sportinkreativa.si\/#website"},"datePublished":"2024-11-16T22:09:40+00:00","dateModified":"2025-01-12T18:34:10+00:00","description":"\u0160portno kreativno poletje - Kolesarjenje","breadcrumb":{"@id":"https:\/\/sportinkreativa.si\/kolesarjenje\/#breadcrumb"},"inLanguage":"en-US","potentialAction":[{"@type":"ReadAction","target":["https:\/\/sportinkreativa.si\/kolesarjenje\/"]}]},{"@type":"BreadcrumbList","@id":"https:\/\/sportinkreativa.si\/kolesarjenje\/#breadcrumb","itemListElement":[{"@type":"ListItem","position":1,"name":"Home","item":"https:\/\/sportinkreativa.si\/"},{"@type":"ListItem","position":2,"name":"KOLESARJENJE"}]},{"@type":"WebSite","@id":"https:\/\/sportinkreativa.si\/#website","url":"https:\/\/sportinkreativa.si\/","name":"\u0160port in kreativa","description":"Izhodi\u0161\u010de za nepozabne outdoor avanture na Koro\u0161kem.","publisher":{"@id":"https:\/\/sportinkreativa.si\/#organization"},"potentialAction":[{"@type":"SearchAction","target":{"@type":"EntryPoint","urlTemplate":"https:\/\/sportinkreativa.si\/?s={search_term_string}"},"query-input":{"@type":"PropertyValueSpecification","valueRequired":true,"valueName":"search_term_string"}}],"inLanguage":"en-US"},{"@type":"Organization","@id":"https:\/\/sportinkreativa.si\/#organization","name":"\u0160port in kreativa","url":"https:\/\/sportinkreativa.si\/","logo":{"@type":"ImageObject","inLanguage":"en-US","@id":"https:\/\/sportinkreativa.si\/#\/schema\/logo\/image\/","url":"https:\/\/sportinkreativa.si\/wp-content\/uploads\/2024\/10\/logo.svg","contentUrl":"https:\/\/sportinkreativa.si\/wp-content\/uploads\/2024\/10\/logo.svg","width":443,"height":443,"caption":"\u0160port in kreativa"},"image":{"@id":"https:\/\/sportinkreativa.si\/#\/schema\/logo\/image\/"},"sameAs":["https:\/\/www.facebook.com\/sportinkreativa.si\/","https:\/\/www.instagram.com\/sportinkreativa\/"]}]}},"_links":{"self":[{"href":"https:\/\/sportinkreativa.si\/en\/wp-json\/wp\/v2\/pages\/409","targetHints":{"allow":["GET"]}}],"collection":[{"href":"https:\/\/sportinkreativa.si\/en\/wp-json\/wp\/v2\/pages"}],"about":[{"href":"https:\/\/sportinkreativa.si\/en\/wp-json\/wp\/v2\/types\/page"}],"author":[{"embeddable":true,"href":"https:\/\/sportinkreativa.si\/en\/wp-json\/wp\/v2\/users\/1"}],"replies":[{"embeddable":true,"href":"https:\/\/sportinkreativa.si\/en\/wp-json\/wp\/v2\/comments?post=409"}],"version-history":[{"count":109,"href":"https:\/\/sportinkreativa.si\/en\/wp-json\/wp\/v2\/pages\/409\/revisions"}],"predecessor-version":[{"id":3801,"href":"https:\/\/sportinkreativa.si\/en\/wp-json\/wp\/v2\/pages\/409\/revisions\/3801"}],"wp:attachment":[{"href":"https:\/\/sportinkreativa.si\/en\/wp-json\/wp\/v2\/media?parent=409"}],"curies":[{"name":"wp","href":"https:\/\/api.w.org\/{rel}","templated":true}]}}