{"id":306,"date":"2024-11-13T21:29:28","date_gmt":"2024-11-13T21:29:28","guid":{"rendered":"https:\/\/sportinkreativa.si\/?page_id=306"},"modified":"2024-12-16T22:36:25","modified_gmt":"2024-12-16T22:36:25","slug":"kontakt","status":"publish","type":"page","link":"https:\/\/sportinkreativa.si\/en\/kontakt\/","title":{"rendered":"CONTACT"},"content":{"rendered":"\t\t<div data-elementor-type=\"wp-page\" data-elementor-id=\"306\" class=\"elementor elementor-306\" data-elementor-post-type=\"page\">\n\t\t\t\t<div class=\"elementor-element elementor-element-be65147 e-con-full e-flex e-con e-parent\" data-id=\"be65147\" data-element_type=\"container\" data-e-type=\"container\" data-settings=\"{&quot;background_background&quot;:&quot;slideshow&quot;,&quot;shape_divider_bottom&quot;:&quot;pyramids&quot;,&quot;background_slideshow_gallery&quot;:[{&quot;id&quot;:206,&quot;url&quot;:&quot;https:\\\/\\\/sportinkreativa.si\\\/wp-content\\\/uploads\\\/2024\\\/10\\\/Sportinkreativa_naslovna3-1.png&quot;}],&quot;background_slideshow_loop&quot;:&quot;yes&quot;,&quot;background_slideshow_slide_duration&quot;:5000,&quot;background_slideshow_slide_transition&quot;:&quot;fade&quot;,&quot;background_slideshow_transition_duration&quot;:500}\">\n\t\t\t\t<div class=\"elementor-shape elementor-shape-bottom\" aria-hidden=\"true\" data-negative=\"false\">\n\t\t\t<svg xmlns=\"http:\/\/www.w3.org\/2000\/svg\" viewBox=\"0 0 1000 100\" preserveAspectRatio=\"none\">\n\t<path class=\"elementor-shape-fill\" d=\"M761.9,44.1L643.1,27.2L333.8,98L0,3.8V0l1000,0v3.9\"\/>\n<\/svg>\t\t<\/div>\n\t\t\t\t<\/div>\n\t\t<div class=\"elementor-element elementor-element-6d094ef e-flex e-con-boxed e-con e-parent\" data-id=\"6d094ef\" data-element_type=\"container\" data-e-type=\"container\" data-settings=\"{&quot;background_background&quot;:&quot;classic&quot;}\">\n\t\t\t\t\t<div class=\"e-con-inner\">\n\t\t<div class=\"elementor-element elementor-element-3cbba595 e-con-full e-flex e-con e-child\" data-id=\"3cbba595\" data-element_type=\"container\" data-e-type=\"container\" data-settings=\"{&quot;background_background&quot;:&quot;classic&quot;}\">\n\t\t\t\t<div class=\"elementor-element elementor-element-4374c0ce elementor-widget elementor-widget-heading\" data-id=\"4374c0ce\" data-element_type=\"widget\" data-e-type=\"widget\" data-widget_type=\"heading.default\">\n\t\t\t\t\t\t\t<h2 class=\"elementor-heading-title elementor-size-default\">Kontaktirajte nas<\/h2>\t\t\t\t<\/div>\n\t\t\t\t<div class=\"elementor-element elementor-element-24a41e5d elementor-widget elementor-widget-heading\" data-id=\"24a41e5d\" data-element_type=\"widget\" data-e-type=\"widget\" data-widget_type=\"heading.default\">\n\t\t\t\t\t\t\t<div class=\"elementor-heading-title elementor-size-default\">Odgovorili vam bomo v najkraj\u0161em mo\u017enem \u010dasu. <\/div>\t\t\t\t<\/div>\n\t\t\t\t<div class=\"elementor-element elementor-element-da49182 elementor-button-align-stretch elementor-widget elementor-widget-form\" data-id=\"da49182\" data-element_type=\"widget\" data-e-type=\"widget\" data-settings=\"{&quot;step_next_label&quot;:&quot;Next&quot;,&quot;step_previous_label&quot;:&quot;Previous&quot;,&quot;button_width&quot;:&quot;100&quot;,&quot;step_type&quot;:&quot;number_text&quot;,&quot;step_icon_shape&quot;:&quot;circle&quot;}\" data-widget_type=\"form.default\">\n\t\t\t\t\t\t\t\t\t<form class=\"elementor-form\" method=\"post\" name=\"New Form\" aria-label=\"New Form\">\n\t\t\t<input type=\"hidden\" name=\"post_id\" value=\"306\"\/>\n\t\t\t<input type=\"hidden\" name=\"form_id\" value=\"da49182\"\/>\n\t\t\t<input type=\"hidden\" name=\"referer_title\" value=\"KONTAKT | \u0160port in kreativa\" \/>\n\n\t\t\t\t\t\t\t<input type=\"hidden\" name=\"queried_id\" value=\"306\"\/>\n\t\t\t\n\t\t\t<div class=\"elementor-form-fields-wrapper elementor-labels-above\">\n\t\t\t\t\t\t\t\t<div class=\"elementor-field-type-text elementor-field-group elementor-column elementor-field-group-name elementor-col-50\">\n\t\t\t\t\t\t\t\t\t\t\t\t<label for=\"form-field-name\" class=\"elementor-field-label\">\n\t\t\t\t\t\t\t\tIme\t\t\t\t\t\t\t<\/label>\n\t\t\t\t\t\t\t\t\t\t\t\t\t\t<input size=\"1\" type=\"text\" name=\"form_fields[name]\" id=\"form-field-name\" class=\"elementor-field elementor-size-sm  elementor-field-textual\" placeholder=\"Ime\">\n\t\t\t\t\t\t\t\t\t\t\t<\/div>\n\t\t\t\t\t\t\t\t<div class=\"elementor-field-type-text elementor-field-group elementor-column elementor-field-group-field_f51b744 elementor-col-50\">\n\t\t\t\t\t\t\t\t\t\t\t\t<label for=\"form-field-field_f51b744\" class=\"elementor-field-label\">\n\t\t\t\t\t\t\t\tPriimek\t\t\t\t\t\t\t<\/label>\n\t\t\t\t\t\t\t\t\t\t\t\t\t\t<input size=\"1\" type=\"text\" name=\"form_fields[field_f51b744]\" id=\"form-field-field_f51b744\" class=\"elementor-field elementor-size-sm  elementor-field-textual\" placeholder=\"Priimek\">\n\t\t\t\t\t\t\t\t\t\t\t<\/div>\n\t\t\t\t\t\t\t\t<div class=\"elementor-field-type-email elementor-field-group elementor-column elementor-field-group-email elementor-col-50 elementor-field-required elementor-mark-required\">\n\t\t\t\t\t\t\t\t\t\t\t\t<label for=\"form-field-email\" class=\"elementor-field-label\">\n\t\t\t\t\t\t\t\tEmail\t\t\t\t\t\t\t<\/label>\n\t\t\t\t\t\t\t\t\t\t\t\t\t\t<input size=\"1\" type=\"email\" name=\"form_fields[email]\" id=\"form-field-email\" class=\"elementor-field elementor-size-sm  elementor-field-textual\" placeholder=\"Email\" required=\"required\">\n\t\t\t\t\t\t\t\t\t\t\t<\/div>\n\t\t\t\t\t\t\t\t<div class=\"elementor-field-type-number elementor-field-group elementor-column elementor-field-group-field_44bd0eb elementor-col-50 elementor-field-required elementor-mark-required\">\n\t\t\t\t\t\t\t\t\t\t\t\t<label for=\"form-field-field_44bd0eb\" class=\"elementor-field-label\">\n\t\t\t\t\t\t\t\tTelefon\t\t\t\t\t\t\t<\/label>\n\t\t\t\t\t\t\t\t\t<input type=\"number\" name=\"form_fields[field_44bd0eb]\" id=\"form-field-field_44bd0eb\" class=\"elementor-field elementor-size-sm  elementor-field-textual\" placeholder=\"Telefon\" required=\"required\" min=\"\" max=\"\" >\n\t\t\t\t\t\t<\/div>\n\t\t\t\t\t\t\t\t<div class=\"elementor-field-type-text elementor-field-group elementor-column elementor-field-group-field_6fef306 elementor-col-100 elementor-field-required elementor-mark-required\">\n\t\t\t\t\t\t\t\t\t\t\t\t<label for=\"form-field-field_6fef306\" class=\"elementor-field-label\">\n\t\t\t\t\t\t\t\tZadeva\t\t\t\t\t\t\t<\/label>\n\t\t\t\t\t\t\t\t\t\t\t\t\t\t<input size=\"1\" type=\"text\" name=\"form_fields[field_6fef306]\" id=\"form-field-field_6fef306\" class=\"elementor-field elementor-size-sm  elementor-field-textual\" placeholder=\"Zadeva\" required=\"required\">\n\t\t\t\t\t\t\t\t\t\t\t<\/div>\n\t\t\t\t\t\t\t\t<div class=\"elementor-field-type-textarea elementor-field-group elementor-column elementor-field-group-field_ab4d163 elementor-col-100\">\n\t\t\t\t\t\t\t\t\t\t\t\t<label for=\"form-field-field_ab4d163\" class=\"elementor-field-label\">\n\t\t\t\t\t\t\t\tSporo\u010dilo\t\t\t\t\t\t\t<\/label>\n\t\t\t\t\t\t<textarea class=\"elementor-field-textual elementor-field  elementor-size-sm\" name=\"form_fields[field_ab4d163]\" id=\"form-field-field_ab4d163\" rows=\"8\" placeholder=\"Sporo\u010dilo\"><\/textarea>\t\t\t\t<\/div>\n\t\t\t\t\t\t\t\t<div class=\"elementor-field-type-checkbox elementor-field-group elementor-column elementor-field-group-field_1760306 elementor-col-100\">\n\t\t\t\t\t<div class=\"elementor-field-subgroup  \"><span class=\"elementor-field-option\"><input type=\"checkbox\" value=\"Strinjam se s politiko zasebnosti in splo\u0161nimi pogoji poslovanja\" id=\"form-field-field_1760306-0\" name=\"form_fields[field_1760306]\"> <label for=\"form-field-field_1760306-0\">Strinjam se s politiko zasebnosti in splo\u0161nimi pogoji poslovanja<\/label><\/span><\/div>\t\t\t\t<\/div>\n\t\t\t\t\t\t\t\t<div class=\"elementor-field-group elementor-column elementor-field-type-submit elementor-col-100 e-form__buttons\">\n\t\t\t\t\t<button class=\"elementor-button elementor-size-sm\" type=\"submit\">\n\t\t\t\t\t\t<span class=\"elementor-button-content-wrapper\">\n\t\t\t\t\t\t\t\t\t\t\t\t\t\t\t<span class=\"elementor-button-icon\">\n\t\t\t\t\t\t\t\t\t<i aria-hidden=\"true\" class=\"mdi mdi-email\"><\/i>\t\t\t\t\t\t\t\t\t\t\t\t\t\t\t\t\t<\/span>\n\t\t\t\t\t\t\t\t\t\t\t\t\t\t\t\t\t\t\t\t\t\t<span class=\"elementor-button-text\">Po\u0161lji sporo\u010dilo<\/span>\n\t\t\t\t\t\t\t\t\t\t\t\t\t<\/span>\n\t\t\t\t\t<\/button>\n\t\t\t\t<\/div>\n\t\t\t<\/div>\n\t\t<\/form>\n\t\t\t\t\t\t<\/div>\n\t\t\t\t<\/div>\n\t\t<div class=\"elementor-element elementor-element-2a79d46e e-con-full e-flex e-con e-child\" data-id=\"2a79d46e\" data-element_type=\"container\" data-e-type=\"container\">\n\t\t\t\t<div class=\"elementor-element elementor-element-653f42ca elementor-position-inline-start elementor-view-stacked elementor-mobile-position-inline-start elementor-shape-circle elementor-widget elementor-widget-icon-box\" data-id=\"653f42ca\" data-element_type=\"widget\" data-e-type=\"widget\" data-widget_type=\"icon-box.default\">\n\t\t\t\t\t\t\t\t\t<div class=\"elementor-icon-box-wrapper\">\n\n\t\t\t\t\t\t<div class=\"elementor-icon-box-icon\">\n\t\t\t\t<span  class=\"elementor-icon\">\n\t\t\t\t<svg aria-hidden=\"true\" class=\"e-font-icon-svg e-fas-map-marker-alt\" viewBox=\"0 0 384 512\" xmlns=\"http:\/\/www.w3.org\/2000\/svg\"><path d=\"M172.268 501.67C26.97 291.031 0 269.413 0 192 0 85.961 85.961 0 192 0s192 85.961 192 192c0 77.413-26.97 99.031-172.268 309.67-9.535 13.774-29.93 13.773-39.464 0zM192 272c44.183 0 80-35.817 80-80s-35.817-80-80-80-80 35.817-80 80 35.817 80 80 80z\"><\/path><\/svg>\t\t\t\t<\/span>\n\t\t\t<\/div>\n\t\t\t\n\t\t\t\t\t\t<div class=\"elementor-icon-box-content\">\n\n\t\t\t\t\t\t\t\t\t<div class=\"elementor-icon-box-title\">\n\t\t\t\t\t\t<span  >\n\t\t\t\t\t\t\tPisarna\t\t\t\t\t\t<\/span>\n\t\t\t\t\t<\/div>\n\t\t\t\t\n\t\t\t\t\t\t\t\t\t<p class=\"elementor-icon-box-description\">\n\t\t\t\t\t\t\u0160PORT IN KREATIVA <br>\nCenter 101, \u010crna na Koro\u0161kem <br>\n\t\t\t\t\t<\/p>\n\t\t\t\t\n\t\t\t<\/div>\n\t\t\t\n\t\t<\/div>\n\t\t\t\t\t\t<\/div>\n\t\t\t\t<div class=\"elementor-element elementor-element-57ff255e elementor-widget elementor-widget-heading\" data-id=\"57ff255e\" data-element_type=\"widget\" data-e-type=\"widget\" data-widget_type=\"heading.default\">\n\t\t\t\t\t\t\t<div class=\"elementor-heading-title elementor-size-default\">Za vse informacije, \u017eelje in cene Vas prosimo, da nam pi\u0161ete, saj je cena odvisna od \u0161tevila udele\u017eencev, va\u0161ih osebnih \u017eelja in potreb. <br><br>Z veseljem vam bomo v najkraj\u0161em mo\u017enem \u010dasu odgovorili z najbolj\u0161o ponudbo za vas.<br> <br><strong>Se vidimo kmalu<\/strong>\n<\/div>\t\t\t\t<\/div>\n\t\t\t\t<div class=\"elementor-element elementor-element-77d7634d elementor-widget-divider--view-line elementor-widget elementor-widget-divider\" data-id=\"77d7634d\" data-element_type=\"widget\" data-e-type=\"widget\" data-widget_type=\"divider.default\">\n\t\t\t\t\t\t\t\t\t<div class=\"elementor-divider\">\n\t\t\t<span class=\"elementor-divider-separator\">\n\t\t\t\t\t\t<\/span>\n\t\t<\/div>\n\t\t\t\t\t\t<\/div>\n\t\t\t\t<\/div>\n\t\t\t\t\t<\/div>\n\t\t\t\t<\/div>\n\t\t<div class=\"elementor-element elementor-element-ba3ba80 e-flex e-con-boxed e-con e-parent\" data-id=\"ba3ba80\" data-element_type=\"container\" data-e-type=\"container\">\n\t\t\t\t\t<div class=\"e-con-inner\">\n\t\t\t\t<div class=\"elementor-element elementor-element-9e4071c elementor-widget elementor-widget-heading\" data-id=\"9e4071c\" data-element_type=\"widget\" data-e-type=\"widget\" data-widget_type=\"heading.default\">\n\t\t\t\t\t\t\t<h2 class=\"elementor-heading-title elementor-size-default\">Kje nas najdete.<\/h2>\t\t\t\t<\/div>\n\t\t\t\t<div class=\"elementor-element elementor-element-3c485237 elementor-widget elementor-widget-text-editor\" data-id=\"3c485237\" data-element_type=\"widget\" data-e-type=\"widget\" data-widget_type=\"text-editor.default\">\n\t\t\t\t\t\t\t\t\t\t\t<p>Doma smo v res posebni alpski outdoor vasici v \u010crni na Koro\u0161kem, ki je razpeta med visoke vr\u0161ace najlep\u0161ih koro\u0161kih vrhov: Raduhe, Pece, Ol\u0161eve, Ur\u0161lje gore in Smrekovca. Kraj obdajajo zeleni gozdovi in res \u0161e mir neokrnjene narave. \u010crna na Koro\u0161kem je vasica, ki je le streljaj od avstrijske meje.<\/p>\t\t\t\t\t\t\t\t<\/div>\n\t\t\t\t<div class=\"elementor-element elementor-element-70582d1 elementor-widget elementor-widget-heading\" data-id=\"70582d1\" data-element_type=\"widget\" data-e-type=\"widget\" data-widget_type=\"heading.default\">\n\t\t\t\t\t\t\t<h2 class=\"elementor-heading-title elementor-size-default\">Kako do nas?\u00a0<\/h2>\t\t\t\t<\/div>\n\t\t\t\t<div class=\"elementor-element elementor-element-182637a elementor-widget elementor-widget-elementskit-accordion\" data-id=\"182637a\" data-element_type=\"widget\" data-e-type=\"widget\" data-widget_type=\"elementskit-accordion.default\">\n\t\t\t\t\t\t\t<div class=\"ekit-wid-con\" >\n        <div class=\"elementskit-accordion accoedion-primary\" id=\"accordion-69e2dbb25affe\">\n\n            \n                <div class=\"elementskit-card active\">\n                    <div class=\"elementskit-card-header\" id=\"primaryHeading-0-182637a\">\n                        <a href=\"#collapse-d79002669e2dbb25affe\" class=\"ekit-accordion--toggler elementskit-btn-link collapsed\" data-ekit-toggle=\"collapse\" data-target=\"#Collapse-d79002669e2dbb25affe\" aria-expanded=\"true\" aria-controls=\"Collapse-d79002669e2dbb25affe\">\n                            \n                            <span class=\"ekit-accordion-title\">Z avtomobilom<\/span>\n\n                            \n                                <div class=\"ekit_accordion_icon_group\">\n                                    <div class=\"ekit_accordion_normal_icon\">\n                                        <!-- Normal Icon -->\n\t\t\t\t\t\t\t\t\t\t<i class=\"icon icon-down-arrow1\"><\/i>                                    <\/div>\n\n                                    <div class=\"ekit_accordion_active_icon\">\n                                        <!-- Active Icon -->\n\t\t\t\t\t\t\t\t\t\t<i class=\"icon icon-up-arrow1\"><\/i>                                    <\/div>\n                                <\/div>\n\n                            \n                                                    <\/a>\n                    <\/div>\n\n                    <div id=\"Collapse-d79002669e2dbb25affe\" class=\" show collapse\" aria-labelledby=\"primaryHeading-0-182637a\" data-parent=\"#accordion-69e2dbb25affe\">\n\n                        <div class=\"elementskit-card-body ekit-accordion--content\">\n                            <p>\u010de prihajate iz smeri Ljubljane in okolice, vas avtocesta pripelje do izstopa za \u0160entrupert, kjer se peljete \u0161e naprej do Letu\u0161a in se usmerite \u010dez Sleme, od tam pa vas cesta pripelje direktno do \u010crne. Ali pa nadaljujete \u0161e po avtocesti malo naprej in pri izvozu za Velenje vztrajate do Slovenj Gradca ter potem do Raven na Koro\u0161kem, Prevalj, Me\u017eice in tako vas cesta vas pripelje do konca Me\u017ei\u0161ke doline, do \u010crne na Koro\u0161kem.\u00a0<\/p>                        <\/div>\n\n                    <\/div>\n\n                <\/div><!-- .elementskit-card END -->\n\n                \n                <div class=\"elementskit-card \">\n                    <div class=\"elementskit-card-header\" id=\"primaryHeading-1-182637a\">\n                        <a href=\"#collapse-7ea32a069e2dbb25affe\" class=\"ekit-accordion--toggler elementskit-btn-link collapsed\" data-ekit-toggle=\"collapse\" data-target=\"#Collapse-7ea32a069e2dbb25affe\" aria-expanded=\"false\" aria-controls=\"Collapse-7ea32a069e2dbb25affe\">\n                            \n                            <span class=\"ekit-accordion-title\">Z letalom<\/span>\n\n                            \n                                <div class=\"ekit_accordion_icon_group\">\n                                    <div class=\"ekit_accordion_normal_icon\">\n                                        <!-- Normal Icon -->\n\t\t\t\t\t\t\t\t\t\t<i class=\"icon icon-down-arrow1\"><\/i>                                    <\/div>\n\n                                    <div class=\"ekit_accordion_active_icon\">\n                                        <!-- Active Icon -->\n\t\t\t\t\t\t\t\t\t\t<i class=\"icon icon-up-arrow1\"><\/i>                                    <\/div>\n                                <\/div>\n\n                            \n                                                    <\/a>\n                    <\/div>\n\n                    <div id=\"Collapse-7ea32a069e2dbb25affe\" class=\" collapse\" aria-labelledby=\"primaryHeading-1-182637a\" data-parent=\"#accordion-69e2dbb25affe\">\n\n                        <div class=\"elementskit-card-body ekit-accordion--content\">\n                            <p>z bli\u017enjih letali\u0161\u010d, najbli\u017eje je letali\u0161\u010de Celovec (Klagenfurt) v Avstriji. V Sloveniji pa je najbli\u017eje in tudi edino letali\u0161\u010de Jo\u017eeta Pu\u010dnika, z dnevnimi leti iz ve\u010djih evropskih mest. \u010ce potrebujete prevoz do \u010crne na Koro\u0161kem, nas, prosim, kontaktirajte, da za vas uredimo shuttle prevoz z omenjenih letali\u0161\u010d ali drugod.<\/p>                        <\/div>\n\n                    <\/div>\n\n                <\/div><!-- .elementskit-card END -->\n\n                                        <\/div>\n    <\/div>\t\t\t\t<\/div>\n\t\t\t\t\t<\/div>\n\t\t\t\t<\/div>\n\t\t<div class=\"elementor-element elementor-element-481d3ea3 e-con-full e-flex e-con e-parent\" data-id=\"481d3ea3\" data-element_type=\"container\" data-e-type=\"container\" data-settings=\"{&quot;background_background&quot;:&quot;classic&quot;}\">\n\t\t\t\t<div class=\"elementor-element elementor-element-75bb6c45 elementor-widget elementor-widget-google_maps\" data-id=\"75bb6c45\" data-element_type=\"widget\" data-e-type=\"widget\" data-widget_type=\"google_maps.default\">\n\t\t\t\t\t\t\t\t\t<div class=\"elementor-custom-embed\">\n\t\t\t<iframe loading=\"lazy\"\n\t\t\t\t\tsrc=\"https:\/\/maps.google.com\/maps?q=%C4%8Crna%20na%20koro%C5%A1kem&#038;t=m&#038;z=14&#038;output=embed&#038;iwloc=near\"\n\t\t\t\t\ttitle=\"\u010crna na koro\u0161kem\"\n\t\t\t\t\taria-label=\"\u010crna na koro\u0161kem\"\n\t\t\t><\/iframe>\n\t\t<\/div>\n\t\t\t\t\t\t<\/div>\n\t\t\t\t<\/div>\n\t\t\t\t<\/div>\n\t\t","protected":false},"excerpt":{"rendered":"<p>Kontaktirajte nas Odgovorili vam bomo v najkraj\u0161em mo\u017enem \u010dasu. Pisarna \u0160PORT IN KREATIVA Center 101, \u010crna na Koro\u0161kem Za vse informacije, \u017eelje in cene Vas prosimo, da nam pi\u0161ete, saj je cena odvisna od \u0161tevila udele\u017eencev, va\u0161ih osebnih \u017eelja in potreb. Z veseljem vam bomo v najkraj\u0161em mo\u017enem \u010dasu odgovorili z najbolj\u0161o ponudbo za vas. [&hellip;]<\/p>\n","protected":false},"author":1,"featured_media":0,"parent":0,"menu_order":0,"comment_status":"closed","ping_status":"closed","template":"","meta":{"footnotes":""},"class_list":["post-306","page","type-page","status-publish","hentry"],"yoast_head":"<!-- This site is optimized with the Yoast SEO plugin v24.2 - https:\/\/yoast.com\/wordpress\/plugins\/seo\/ -->\n<title>KONTAKT | \u0160port in kreativa<\/title>\n<meta name=\"description\" content=\"- \u0160port in kreativa\" \/>\n<meta name=\"robots\" content=\"index, follow, max-snippet:-1, max-image-preview:large, max-video-preview:-1\" \/>\n<link rel=\"canonical\" href=\"https:\/\/sportinkreativa.si\/en\/kontakt\/\" \/>\n<meta property=\"og:locale\" content=\"en_US\" \/>\n<meta property=\"og:type\" content=\"article\" \/>\n<meta property=\"og:title\" content=\"KONTAKT | \u0160port in kreativa\" \/>\n<meta property=\"og:description\" content=\"- \u0160port in kreativa\" \/>\n<meta property=\"og:url\" content=\"https:\/\/sportinkreativa.si\/en\/kontakt\/\" \/>\n<meta property=\"og:site_name\" content=\"\u0160port in kreativa\" \/>\n<meta property=\"article:publisher\" content=\"https:\/\/www.facebook.com\/sportinkreativa.si\/\" \/>\n<meta property=\"article:modified_time\" content=\"2024-12-16T22:36:25+00:00\" \/>\n<meta name=\"twitter:card\" content=\"summary_large_image\" \/>\n<meta name=\"twitter:label1\" content=\"Est. reading time\" \/>\n\t<meta name=\"twitter:data1\" content=\"1 minute\" \/>\n<script type=\"application\/ld+json\" class=\"yoast-schema-graph\">{\"@context\":\"https:\/\/schema.org\",\"@graph\":[{\"@type\":\"WebPage\",\"@id\":\"https:\/\/sportinkreativa.si\/kontakt\/\",\"url\":\"https:\/\/sportinkreativa.si\/kontakt\/\",\"name\":\"KONTAKT | \u0160port in kreativa\",\"isPartOf\":{\"@id\":\"https:\/\/sportinkreativa.si\/#website\"},\"datePublished\":\"2024-11-13T21:29:28+00:00\",\"dateModified\":\"2024-12-16T22:36:25+00:00\",\"description\":\"- \u0160port in kreativa\",\"breadcrumb\":{\"@id\":\"https:\/\/sportinkreativa.si\/kontakt\/#breadcrumb\"},\"inLanguage\":\"en-US\",\"potentialAction\":[{\"@type\":\"ReadAction\",\"target\":[\"https:\/\/sportinkreativa.si\/kontakt\/\"]}]},{\"@type\":\"BreadcrumbList\",\"@id\":\"https:\/\/sportinkreativa.si\/kontakt\/#breadcrumb\",\"itemListElement\":[{\"@type\":\"ListItem\",\"position\":1,\"name\":\"Home\",\"item\":\"https:\/\/sportinkreativa.si\/\"},{\"@type\":\"ListItem\",\"position\":2,\"name\":\"KONTAKT\"}]},{\"@type\":\"WebSite\",\"@id\":\"https:\/\/sportinkreativa.si\/#website\",\"url\":\"https:\/\/sportinkreativa.si\/\",\"name\":\"\u0160port in kreativa\",\"description\":\"Izhodi\u0161\u010de za nepozabne outdoor avanture na Koro\u0161kem.\",\"publisher\":{\"@id\":\"https:\/\/sportinkreativa.si\/#organization\"},\"potentialAction\":[{\"@type\":\"SearchAction\",\"target\":{\"@type\":\"EntryPoint\",\"urlTemplate\":\"https:\/\/sportinkreativa.si\/?s={search_term_string}\"},\"query-input\":{\"@type\":\"PropertyValueSpecification\",\"valueRequired\":true,\"valueName\":\"search_term_string\"}}],\"inLanguage\":\"en-US\"},{\"@type\":\"Organization\",\"@id\":\"https:\/\/sportinkreativa.si\/#organization\",\"name\":\"\u0160port in kreativa\",\"url\":\"https:\/\/sportinkreativa.si\/\",\"logo\":{\"@type\":\"ImageObject\",\"inLanguage\":\"en-US\",\"@id\":\"https:\/\/sportinkreativa.si\/#\/schema\/logo\/image\/\",\"url\":\"https:\/\/sportinkreativa.si\/wp-content\/uploads\/2024\/10\/logo.svg\",\"contentUrl\":\"https:\/\/sportinkreativa.si\/wp-content\/uploads\/2024\/10\/logo.svg\",\"width\":443,\"height\":443,\"caption\":\"\u0160port in kreativa\"},\"image\":{\"@id\":\"https:\/\/sportinkreativa.si\/#\/schema\/logo\/image\/\"},\"sameAs\":[\"https:\/\/www.facebook.com\/sportinkreativa.si\/\",\"https:\/\/www.instagram.com\/sportinkreativa\/\"]}]}<\/script>\n<!-- \/ Yoast SEO plugin. -->","yoast_head_json":{"title":"KONTAKT | \u0160port in kreativa","description":"- \u0160port in kreativa","robots":{"index":"index","follow":"follow","max-snippet":"max-snippet:-1","max-image-preview":"max-image-preview:large","max-video-preview":"max-video-preview:-1"},"canonical":"https:\/\/sportinkreativa.si\/en\/kontakt\/","og_locale":"en_US","og_type":"article","og_title":"KONTAKT | \u0160port in kreativa","og_description":"- \u0160port in kreativa","og_url":"https:\/\/sportinkreativa.si\/en\/kontakt\/","og_site_name":"\u0160port in kreativa","article_publisher":"https:\/\/www.facebook.com\/sportinkreativa.si\/","article_modified_time":"2024-12-16T22:36:25+00:00","twitter_card":"summary_large_image","twitter_misc":{"Est. reading time":"1 minute"},"schema":{"@context":"https:\/\/schema.org","@graph":[{"@type":"WebPage","@id":"https:\/\/sportinkreativa.si\/kontakt\/","url":"https:\/\/sportinkreativa.si\/kontakt\/","name":"KONTAKT | \u0160port in kreativa","isPartOf":{"@id":"https:\/\/sportinkreativa.si\/#website"},"datePublished":"2024-11-13T21:29:28+00:00","dateModified":"2024-12-16T22:36:25+00:00","description":"- \u0160port in kreativa","breadcrumb":{"@id":"https:\/\/sportinkreativa.si\/kontakt\/#breadcrumb"},"inLanguage":"en-US","potentialAction":[{"@type":"ReadAction","target":["https:\/\/sportinkreativa.si\/kontakt\/"]}]},{"@type":"BreadcrumbList","@id":"https:\/\/sportinkreativa.si\/kontakt\/#breadcrumb","itemListElement":[{"@type":"ListItem","position":1,"name":"Home","item":"https:\/\/sportinkreativa.si\/"},{"@type":"ListItem","position":2,"name":"KONTAKT"}]},{"@type":"WebSite","@id":"https:\/\/sportinkreativa.si\/#website","url":"https:\/\/sportinkreativa.si\/","name":"\u0160port in kreativa","description":"Izhodi\u0161\u010de za nepozabne outdoor avanture na Koro\u0161kem.","publisher":{"@id":"https:\/\/sportinkreativa.si\/#organization"},"potentialAction":[{"@type":"SearchAction","target":{"@type":"EntryPoint","urlTemplate":"https:\/\/sportinkreativa.si\/?s={search_term_string}"},"query-input":{"@type":"PropertyValueSpecification","valueRequired":true,"valueName":"search_term_string"}}],"inLanguage":"en-US"},{"@type":"Organization","@id":"https:\/\/sportinkreativa.si\/#organization","name":"\u0160port in kreativa","url":"https:\/\/sportinkreativa.si\/","logo":{"@type":"ImageObject","inLanguage":"en-US","@id":"https:\/\/sportinkreativa.si\/#\/schema\/logo\/image\/","url":"https:\/\/sportinkreativa.si\/wp-content\/uploads\/2024\/10\/logo.svg","contentUrl":"https:\/\/sportinkreativa.si\/wp-content\/uploads\/2024\/10\/logo.svg","width":443,"height":443,"caption":"\u0160port in kreativa"},"image":{"@id":"https:\/\/sportinkreativa.si\/#\/schema\/logo\/image\/"},"sameAs":["https:\/\/www.facebook.com\/sportinkreativa.si\/","https:\/\/www.instagram.com\/sportinkreativa\/"]}]}},"_links":{"self":[{"href":"https:\/\/sportinkreativa.si\/en\/wp-json\/wp\/v2\/pages\/306","targetHints":{"allow":["GET"]}}],"collection":[{"href":"https:\/\/sportinkreativa.si\/en\/wp-json\/wp\/v2\/pages"}],"about":[{"href":"https:\/\/sportinkreativa.si\/en\/wp-json\/wp\/v2\/types\/page"}],"author":[{"embeddable":true,"href":"https:\/\/sportinkreativa.si\/en\/wp-json\/wp\/v2\/users\/1"}],"replies":[{"embeddable":true,"href":"https:\/\/sportinkreativa.si\/en\/wp-json\/wp\/v2\/comments?post=306"}],"version-history":[{"count":81,"href":"https:\/\/sportinkreativa.si\/en\/wp-json\/wp\/v2\/pages\/306\/revisions"}],"predecessor-version":[{"id":3036,"href":"https:\/\/sportinkreativa.si\/en\/wp-json\/wp\/v2\/pages\/306\/revisions\/3036"}],"wp:attachment":[{"href":"https:\/\/sportinkreativa.si\/en\/wp-json\/wp\/v2\/media?parent=306"}],"curies":[{"name":"wp","href":"https:\/\/api.w.org\/{rel}","templated":true}]}}