{"id":1163,"date":"2024-12-03T19:34:22","date_gmt":"2024-12-03T19:34:22","guid":{"rendered":"https:\/\/sportinkreativa.si\/?page_id=1163"},"modified":"2024-12-16T22:36:45","modified_gmt":"2024-12-16T22:36:45","slug":"splosni-pogoji","status":"publish","type":"page","link":"https:\/\/sportinkreativa.si\/en\/splosni-pogoji\/","title":{"rendered":"SPLO\u0160NI POGOJI"},"content":{"rendered":"\t\t<div data-elementor-type=\"wp-page\" data-elementor-id=\"1163\" class=\"elementor elementor-1163\" data-elementor-post-type=\"page\">\n\t\t\t\t<div class=\"elementor-element elementor-element-33c500f e-con-full e-flex e-con e-parent\" data-id=\"33c500f\" data-element_type=\"container\" data-e-type=\"container\" data-settings=\"{&quot;background_background&quot;:&quot;slideshow&quot;,&quot;shape_divider_bottom&quot;:&quot;pyramids&quot;,&quot;background_slideshow_gallery&quot;:[{&quot;id&quot;:206,&quot;url&quot;:&quot;https:\\\/\\\/sportinkreativa.si\\\/wp-content\\\/uploads\\\/2024\\\/10\\\/Sportinkreativa_naslovna3-1.png&quot;}],&quot;background_slideshow_loop&quot;:&quot;yes&quot;,&quot;background_slideshow_slide_duration&quot;:5000,&quot;background_slideshow_slide_transition&quot;:&quot;fade&quot;,&quot;background_slideshow_transition_duration&quot;:500}\">\n\t\t\t\t<div class=\"elementor-shape elementor-shape-bottom\" aria-hidden=\"true\" data-negative=\"false\">\n\t\t\t<svg xmlns=\"http:\/\/www.w3.org\/2000\/svg\" viewBox=\"0 0 1000 100\" preserveAspectRatio=\"none\">\n\t<path class=\"elementor-shape-fill\" d=\"M761.9,44.1L643.1,27.2L333.8,98L0,3.8V0l1000,0v3.9\"\/>\n<\/svg>\t\t<\/div>\n\t\t\t\t<\/div>\n\t\t<div class=\"elementor-element elementor-element-30c6271 e-flex e-con-boxed e-con e-parent\" data-id=\"30c6271\" data-element_type=\"container\" data-e-type=\"container\">\n\t\t\t\t\t<div class=\"e-con-inner\">\n\t\t\t\t<div class=\"elementor-element elementor-element-ba85e8a elementor-widget elementor-widget-heading\" data-id=\"ba85e8a\" data-element_type=\"widget\" data-e-type=\"widget\" data-widget_type=\"heading.default\">\n\t\t\t\t\t\t\t<h3 class=\"elementor-heading-title elementor-size-default\">Splo\u0161ni pogoji udele\u017ebe na te\u010daju teka na smu\u010deh, te\u010daju smu\u010danja, vodenih MTB turah in teambuildingih<\/h3>\t\t\t\t<\/div>\n\t\t\t\t<div class=\"elementor-element elementor-element-97ccd41 elementor-widget elementor-widget-text-editor\" data-id=\"97ccd41\" data-element_type=\"widget\" data-e-type=\"widget\" data-widget_type=\"text-editor.default\">\n\t\t\t\t\t\t\t\t\t\t\t<p>Te\u010daji teka na smu\u010deh se bodo izvajali na teka\u0161kih progah v \u010crni na Koro\u0161kem, na Bre\u0161kem jezeru v Avstriji, na Pokljuki, v Planici, na Rogli, v Rate\u010dah ali po dogovoru na drugi lokaciji znotraj Slovenije, odvisno od sne\u017enih razmer.<\/p><p>Te\u010daji smu\u010danja se bodo izvajali na smu\u010di\u0161\u010du v \u010crni na Koro\u0161kem, na Poseki na Ravnah, na smu\u010di\u0161\u010du Peca v Avstriji ali odvisno od sne\u017enih razmer drugod po Sloveniji.<\/p><p>Vodene MTB ture in teambuildingi se bodo izvajali na Koro\u0161kem, drugod po Sloveniji.<\/p><p>V primeru slabih vremenskih razmer bo teka\u0161ki te\u010daj ali te\u010daj smu\u010danja, prestavljen na lokacijo, ki bo to omogo\u010dala oz. se prestavi na termin, ko bodo bolj\u0161e razmere.<\/p><p>Vodene MTB ture ali teambuildingi, se bodo v primeru neugodnih vremenskih razmer prestavili na vremensko bolj ugoden termin.<\/p><p>Oprema za vodene MTB ture je: iz pravno kolo, potrebna rezervna oprema, kolesarska \u010delada, bidon, kolesarske rokavice, kolesarska obla\u010dila, kolesarska o\u010dala in po potrebi protektorji za hrbet, komolce in kolena.<\/p><p>Udele\u017eenci pri te\u010dajih teka na smu\u010deh in smu\u010danja bodo formirani v skupine min 5. Max. 10 oseb, za njih pa bodo skrbeli u\u010ditelji teka na smu\u010deh in smu\u010danja, ki so ustrezno izobra\u017eeni vaditelji. V primeru da je za te\u010daj prijavljenih manj kot 5 oseb so mo\u017ene individualne ure teka na smu\u010deh ali smu\u010danja.<\/p><p>Na te\u010daje se lahko prijavijo odrasli in otroci od 6. leta dalje.<\/p><p>Na te\u010daj sprejmemo min 5 in max. 50 udele\u017eencev. \u010ce je udele\u017eencev manj kot 5, so mo\u017ene individualne ure, \u010de jih je ve\u010d kot 50 se morajo dogovoriti za drug termin te\u010daja.<\/p><p>Oprema, ki jo mora imeti udele\u017eenec na teka\u0161kem te\u010daju, je naslednja: smu\u010di, palice, teka\u0161ke \u010devlje, smu\u010darska obla\u010dila, kapa, rokavice po potrebi son\u010dna o\u010dala<\/p><p>Oprema, ki jo mora imeti udele\u017eenec na te\u010daju smu\u010danja je naslednja: smu\u010di, palice, kapa, rokavice, smu\u010darska obla\u010dila, smu\u010darske \u010devlje in po potrebi \u0161portna o\u010dala.<\/p><p>Vodja teka\u0161kega te\u010daja lahko pred\u010dasno po\u0161lje udele\u017eenca domov, \u010de udele\u017eenec s svojim obna\u0161anjem in dejanji kr\u0161i smu\u010darsko teka\u0161ka \u2013 FIS pravila in s tem ogro\u017ea varnost drugih. V primeru kr\u0161enja pravil s strani otrok morajo star\u0161i priti po otroka in ga odpeljati domov.<\/p><p>V primeru kakr\u0161nekoli nesre\u010de dovoljujem, da vodja poskrbi za zdravstveno oskrbo udele\u017eenca.<br \/>V primeru \u00a0kakr\u0161nihkoli zna\u010dajskih ali zdravstvenih posebnosti morajo udele\u017eenci to navesti ob prijavi.<\/p><p>\u00a0<\/p><p>\u00a0<\/p><p>VARNOST UDELE\u017dENCEV NA AKTIVNOSTIH IN IZJAVA O ODGOVORNOSTI\u00a0<\/p><p>\u00a0<\/p><p>Od udele\u017eencev se pri\u010dakuje, da so psihofizi\u010dno zdravi, da niso pod vplivom alkohola ali drugih psihotropnih sredstev. Vsi udele\u017eenci morajo biti polnoletni, mladoletni pa morajo biti v spremstvu polnoletne osebe ali imeti s seboj potrdilo star\u0161ev ali skrbnikov, da se dolo\u010dene aktivnosti lahko udele\u017eijo, hkrati pa sprejeti odgovornost in soodgovornost pri \u0161portnih aktivnostih, programih ali paketih. V primeru \u202fkakr\u0161nihkoli zna\u010dajskih ali zdravstvenih posebnosti morajo udele\u017eenci to navesti ob prijavi.<\/p><p>\u00a0<\/p><p>Omejitve pri udele\u017ebi na aktivnostih:\u00a0<\/p><p>\u0160port in kreativa si pridr\u017euje pravico do dodatnih omejitev ob izrednih vremenskih razmerah.<\/p><p>\u0160port in kreativa odsvetuje udele\u017ebo na \u0161portnih aktivnostih nose\u010dnicam in osebam z resnimi zdravstvenimi te\u017eavami ali po\u0161kodbami.<\/p><p>\u0160port in kreativa si ob slabem vremenu ali drugih izrednih okoli\u0161\u010dinah pridru\u017euje pravico, da kadarkoli odpove ali prekine aktivnost.<\/p><p>\u0160portna aktivnost poteka od prevzema udele\u017eencev na dogovorjenem mestu do zaklju\u010dka aktivnosti na dogovorjenem mestu.<\/p><p>\u0160port in kreativa ne odgovarja za po\u0161kodbe, ki so nastale v nasprotju z navedenimi dolo\u010dili oziroma zaradi neupo\u0161tevanja navodil in\u0161truktorjev ali drugega osebja \u0160port in kreativa.<\/p><p>Vsi, ki imajo kakr\u0161nekoli te\u017eave zaradi astme ali druge zdravstvene te\u017eave, morajo pred za\u010detkom aktivnosti o tem obvestiti in\u0161truktorja ali drugega uslu\u017ebenca \u0160port in kreativa.<\/p><p>Aktivnost vodijo za to usposobljeni in\u0161truktorji, u\u010ditelji ali vodniki.<\/p><p>V primeru kakr\u0161nekoli nesre\u010de dovoljujem, da vodja poskrbi za primerno zdravstveno oskrbo. Udele\u017eenci morajo biti\u00a0 zdravstveno in nezgodno zavarovani.<\/p><p><strong>Vsi te\u010daji teka na smu\u010deh, smu\u010danja, vodenih kolesarskih tur, teambuildingov in vodenih planinskih izletov oz. tur so na lastno odgovornost. Vsak se v na\u0161e dejavnosti vklju\u010di prostovoljno. <\/strong><\/p><p>\u00a0<\/p><p>ODGOVORNOST<\/p><p>S prijavo na te\u010daj\/vadbo pri polni zavesti in odgovornosti ter brez prisile izjavljam slede\u010de:<\/p><ul><li>Da so lahko aktivnosti fizi\u010dno naporne in jih izvajam na lastno \u017eeljo,\u00a0v primeru prijave mladoletne osebe pa se star\u0161i oz. zakoniti zastopniki strinjajo, da so aktivnosti lahko fizi\u010dno naporne.<\/li><li>Da jih ne izvajam pod vplivom alkohola, drog ali drugih psihosomatskih substanc,<\/li><li>Da nisem na zdravljenju po huj\u0161ih telesnih po\u0161kodbah (operacije kolena, vretenc, kolka, rame,\u00a0 sr\u010dni operaciji, \u2026),<\/li><li>Da bom aktivnosti izvajal po navodilih in\u0161truktorja,<\/li><li>Da zase ali za svoje varovance v primeru po\u0161kodb in njihovih posledic ne bom sam ali po tretjih osebah uveljavljal zahtevkov proti podjetju \u0160port in kreativa, proti posameznem in\u0161truktorju zaradi lastne malomarnosti in s tem povzro\u010denih po\u0161kodb na sebi, mladoletnih ali tretjih osebah.<\/li><li>Da sem v primeru\u00a0 kakr\u0161nihkoli zna\u010dajskih ali zdravstvenih posebnosti, to navedel ob prijavi oz. v prijavnici.<\/li><\/ul><p>V kolikor imate kroni\u010dne bolezni, druge huj\u0161e oblike zdravstvenih te\u017eav, se glede te\u010daja predhodno posvetujte z zdravnikom in seboj na te\u010daj prinesite zdravni\u0161ko potrdilo, kot dovoljenje za opravljane te\u010daja.<\/p><p>Zdravstveni predpis\u00a0<\/p><p>Naro\u010dnik je soodgovoren in zagotavlja podjetju \u0160port in kreativa, da nima nih\u010de od udele\u017eencev te\u010dajev in aktivnosti \u2013 programa pred prihodom na aktivnost, program ali paket zdravstvenih zadr\u017ekov ali omejitev za opravljanje aktivnosti, programov ali paketov. Naro\u010dnik se zaveda, da je pri vseh te\u010dajih, programih in ponudbah, ki jih izvaja podjetje \u0160port in kreativa, pove\u010dan dejavnik tveganja za po\u0161kodbe in druge nevarnosti, zato v nobenem primeru aktivnosti, programi in paketi niso primerni za nose\u010dnice in osebe, ki imajo razli\u010dne po\u0161kodbe hrbta ali so utrpele druge resne po\u0161kodbe ali operacije in se je potrebno predtem posvetovati z zdravnikom. Ravno tako aktivnosti, programi in paketi niso primerni za osebe s pove\u010danim krvnim tlakom in za osebe, ki imajo te\u017eave s srcem. Vsi, ki imajo kakr\u0161nekoli zdravstvene te\u017eave, so odgovorni, da o tem podjetje \u0160port in kreativa obvestijo \u017ee ob rezervaciji; \u010de to ni mogo\u010de, pa najpozneje pred za\u010detkom kakr\u0161nega koli te\u010daja, programa ali paketa.<\/p><p><strong><u>Udele\u017eenci morajo biti zdravstveno in nezgodno zavarovani!<\/u><\/strong><\/p><p>\u00a0<\/p><p>PLA\u010cILO, ODPOVED IN POVRA\u010cILO DENARJA<\/p><p>Pla\u010dilo te\u010daja\/vadbe je treba poravnati preko predra\u010duna, ki ga izdamo na \u017eeljo stranke ali z gotovino na lokaciji dogodka\/sre\u010danja, pred za\u010detkom aktivnosti. \u010ce te\u010daj ne bo pla\u010dan do za\u010detka te\u010daja\/vadbe, se udele\u017eenec ne bo mogel udejstvovati na prijavljeno storitev.<\/p><p>V primeru NEUTEMELJENE odpovedi do za\u010detka te\u010daja\/vadbe (utemeljena odpoved=zdravni\u0161ko opravi\u010dilo), \u0160port in kreativa ne bo povrnil 30 % pla\u010danih sredstev po predra\u010dunu.<\/p><p>V primeru UTEMELJENE odpovedi do za\u010detka te\u010daja (utemeljena odpoved=zdravni\u0161ko opravi\u010dilo), \u0160port in kreativa ne bo povrnil 15 % pla\u010danih sredstev zaradi nastalih administrativnih in drugih stro\u0161kov.<\/p><p>\u010ce mora udele\u017eenec te\u010daj zapustiti zaradi bolezni ali po\u0161kodbe, bo \u0160port in kreativa povrnil 100 % cene ne kori\u0161\u010denih dni na podlagi zdravni\u0161kega potrdila v nasprotnem primeru samo 70 % (cena programa se deli s \u0161tevilom dni).<br \/>\u010ce odpade te\u010daj\/vadba zaradi slabega vremena (de\u017e, sneg) ali drugih utemeljenih okoli\u0161\u010din, bo \u0160port in kreativa povrnil celoten znesek \u00a0ne kori\u0161\u010denega dne oz. bo \u0160PRT IN KREATIVA omogo\u010dil nadomestni termin programa.<\/p><p>V primeru, da udele\u017eenec zaradi neutemeljenega razloga izostane iz te\u010dajnega dne, \u0160PORT IN KREATIVA ne bo povrnil denarja za ne kori\u0161\u010den dan, razen v primeru zdravstvenih razlogov ob predlo\u017eitvi zdravni\u0161kega potrdila.<\/p><p>V primeru, da udele\u017eenec s svojim obna\u0161anjem in dejanji kr\u0161i smu\u010darska FIS pravila ali je otrok zaradi neprimernega obna\u0161anja poslan domov, \u0160PORT IN KREATIVA ne bo povrnila denarja.<\/p>\t\t\t\t\t\t\t\t<\/div>\n\t\t\t\t\t<\/div>\n\t\t\t\t<\/div>\n\t\t\t\t<\/div>\n\t\t","protected":false},"excerpt":{"rendered":"<p>Splo\u0161ni pogoji udele\u017ebe na te\u010daju teka na smu\u010deh, te\u010daju smu\u010danja, vodenih MTB turah in teambuildingih Te\u010daji teka na smu\u010deh se bodo izvajali na teka\u0161kih progah v \u010crni na Koro\u0161kem, na Bre\u0161kem jezeru v Avstriji, na Pokljuki, v Planici, na Rogli, v Rate\u010dah ali po dogovoru na drugi lokaciji znotraj Slovenije, odvisno od sne\u017enih razmer. Te\u010daji [&hellip;]<\/p>\n","protected":false},"author":1,"featured_media":0,"parent":0,"menu_order":0,"comment_status":"closed","ping_status":"closed","template":"","meta":{"footnotes":""},"class_list":["post-1163","page","type-page","status-publish","hentry"],"yoast_head":"<!-- This site is optimized with the Yoast SEO plugin v24.2 - https:\/\/yoast.com\/wordpress\/plugins\/seo\/ -->\n<title>SPLO\u0160NI POGOJI | \u0160port in kreativa<\/title>\n<meta name=\"description\" content=\"Splo\u0161ni pogoji podjetja \u0160port in kreativa\" \/>\n<meta name=\"robots\" content=\"index, follow, max-snippet:-1, max-image-preview:large, max-video-preview:-1\" \/>\n<link rel=\"canonical\" href=\"https:\/\/sportinkreativa.si\/en\/splosni-pogoji\/\" \/>\n<meta property=\"og:locale\" content=\"en_US\" \/>\n<meta property=\"og:type\" content=\"article\" \/>\n<meta property=\"og:title\" content=\"SPLO\u0160NI POGOJI | \u0160port in kreativa\" \/>\n<meta property=\"og:description\" content=\"Splo\u0161ni pogoji podjetja \u0160port in kreativa\" \/>\n<meta property=\"og:url\" content=\"https:\/\/sportinkreativa.si\/en\/splosni-pogoji\/\" \/>\n<meta property=\"og:site_name\" content=\"\u0160port in kreativa\" \/>\n<meta property=\"article:publisher\" content=\"https:\/\/www.facebook.com\/sportinkreativa.si\/\" \/>\n<meta property=\"article:modified_time\" content=\"2024-12-16T22:36:45+00:00\" \/>\n<meta name=\"twitter:card\" content=\"summary_large_image\" \/>\n<meta name=\"twitter:label1\" content=\"Est. reading time\" \/>\n\t<meta name=\"twitter:data1\" content=\"7 minutes\" \/>\n<script type=\"application\/ld+json\" class=\"yoast-schema-graph\">{\"@context\":\"https:\/\/schema.org\",\"@graph\":[{\"@type\":\"WebPage\",\"@id\":\"https:\/\/sportinkreativa.si\/splosni-pogoji\/\",\"url\":\"https:\/\/sportinkreativa.si\/splosni-pogoji\/\",\"name\":\"SPLO\u0160NI POGOJI | \u0160port in kreativa\",\"isPartOf\":{\"@id\":\"https:\/\/sportinkreativa.si\/#website\"},\"datePublished\":\"2024-12-03T19:34:22+00:00\",\"dateModified\":\"2024-12-16T22:36:45+00:00\",\"description\":\"Splo\u0161ni pogoji podjetja \u0160port in kreativa\",\"breadcrumb\":{\"@id\":\"https:\/\/sportinkreativa.si\/splosni-pogoji\/#breadcrumb\"},\"inLanguage\":\"en-US\",\"potentialAction\":[{\"@type\":\"ReadAction\",\"target\":[\"https:\/\/sportinkreativa.si\/splosni-pogoji\/\"]}]},{\"@type\":\"BreadcrumbList\",\"@id\":\"https:\/\/sportinkreativa.si\/splosni-pogoji\/#breadcrumb\",\"itemListElement\":[{\"@type\":\"ListItem\",\"position\":1,\"name\":\"Home\",\"item\":\"https:\/\/sportinkreativa.si\/\"},{\"@type\":\"ListItem\",\"position\":2,\"name\":\"SPLO\u0160NI POGOJI\"}]},{\"@type\":\"WebSite\",\"@id\":\"https:\/\/sportinkreativa.si\/#website\",\"url\":\"https:\/\/sportinkreativa.si\/\",\"name\":\"\u0160port in kreativa\",\"description\":\"Izhodi\u0161\u010de za nepozabne outdoor avanture na Koro\u0161kem.\",\"publisher\":{\"@id\":\"https:\/\/sportinkreativa.si\/#organization\"},\"potentialAction\":[{\"@type\":\"SearchAction\",\"target\":{\"@type\":\"EntryPoint\",\"urlTemplate\":\"https:\/\/sportinkreativa.si\/?s={search_term_string}\"},\"query-input\":{\"@type\":\"PropertyValueSpecification\",\"valueRequired\":true,\"valueName\":\"search_term_string\"}}],\"inLanguage\":\"en-US\"},{\"@type\":\"Organization\",\"@id\":\"https:\/\/sportinkreativa.si\/#organization\",\"name\":\"\u0160port in kreativa\",\"url\":\"https:\/\/sportinkreativa.si\/\",\"logo\":{\"@type\":\"ImageObject\",\"inLanguage\":\"en-US\",\"@id\":\"https:\/\/sportinkreativa.si\/#\/schema\/logo\/image\/\",\"url\":\"https:\/\/sportinkreativa.si\/wp-content\/uploads\/2024\/10\/logo.svg\",\"contentUrl\":\"https:\/\/sportinkreativa.si\/wp-content\/uploads\/2024\/10\/logo.svg\",\"width\":443,\"height\":443,\"caption\":\"\u0160port in kreativa\"},\"image\":{\"@id\":\"https:\/\/sportinkreativa.si\/#\/schema\/logo\/image\/\"},\"sameAs\":[\"https:\/\/www.facebook.com\/sportinkreativa.si\/\",\"https:\/\/www.instagram.com\/sportinkreativa\/\"]}]}<\/script>\n<!-- \/ Yoast SEO plugin. -->","yoast_head_json":{"title":"SPLO\u0160NI POGOJI | \u0160port in kreativa","description":"Splo\u0161ni pogoji podjetja \u0160port in kreativa","robots":{"index":"index","follow":"follow","max-snippet":"max-snippet:-1","max-image-preview":"max-image-preview:large","max-video-preview":"max-video-preview:-1"},"canonical":"https:\/\/sportinkreativa.si\/en\/splosni-pogoji\/","og_locale":"en_US","og_type":"article","og_title":"SPLO\u0160NI POGOJI | \u0160port in kreativa","og_description":"Splo\u0161ni pogoji podjetja \u0160port in kreativa","og_url":"https:\/\/sportinkreativa.si\/en\/splosni-pogoji\/","og_site_name":"\u0160port in kreativa","article_publisher":"https:\/\/www.facebook.com\/sportinkreativa.si\/","article_modified_time":"2024-12-16T22:36:45+00:00","twitter_card":"summary_large_image","twitter_misc":{"Est. reading time":"7 minutes"},"schema":{"@context":"https:\/\/schema.org","@graph":[{"@type":"WebPage","@id":"https:\/\/sportinkreativa.si\/splosni-pogoji\/","url":"https:\/\/sportinkreativa.si\/splosni-pogoji\/","name":"SPLO\u0160NI POGOJI | \u0160port in kreativa","isPartOf":{"@id":"https:\/\/sportinkreativa.si\/#website"},"datePublished":"2024-12-03T19:34:22+00:00","dateModified":"2024-12-16T22:36:45+00:00","description":"Splo\u0161ni pogoji podjetja \u0160port in kreativa","breadcrumb":{"@id":"https:\/\/sportinkreativa.si\/splosni-pogoji\/#breadcrumb"},"inLanguage":"en-US","potentialAction":[{"@type":"ReadAction","target":["https:\/\/sportinkreativa.si\/splosni-pogoji\/"]}]},{"@type":"BreadcrumbList","@id":"https:\/\/sportinkreativa.si\/splosni-pogoji\/#breadcrumb","itemListElement":[{"@type":"ListItem","position":1,"name":"Home","item":"https:\/\/sportinkreativa.si\/"},{"@type":"ListItem","position":2,"name":"SPLO\u0160NI POGOJI"}]},{"@type":"WebSite","@id":"https:\/\/sportinkreativa.si\/#website","url":"https:\/\/sportinkreativa.si\/","name":"\u0160port in kreativa","description":"Izhodi\u0161\u010de za nepozabne outdoor avanture na Koro\u0161kem.","publisher":{"@id":"https:\/\/sportinkreativa.si\/#organization"},"potentialAction":[{"@type":"SearchAction","target":{"@type":"EntryPoint","urlTemplate":"https:\/\/sportinkreativa.si\/?s={search_term_string}"},"query-input":{"@type":"PropertyValueSpecification","valueRequired":true,"valueName":"search_term_string"}}],"inLanguage":"en-US"},{"@type":"Organization","@id":"https:\/\/sportinkreativa.si\/#organization","name":"\u0160port in kreativa","url":"https:\/\/sportinkreativa.si\/","logo":{"@type":"ImageObject","inLanguage":"en-US","@id":"https:\/\/sportinkreativa.si\/#\/schema\/logo\/image\/","url":"https:\/\/sportinkreativa.si\/wp-content\/uploads\/2024\/10\/logo.svg","contentUrl":"https:\/\/sportinkreativa.si\/wp-content\/uploads\/2024\/10\/logo.svg","width":443,"height":443,"caption":"\u0160port in kreativa"},"image":{"@id":"https:\/\/sportinkreativa.si\/#\/schema\/logo\/image\/"},"sameAs":["https:\/\/www.facebook.com\/sportinkreativa.si\/","https:\/\/www.instagram.com\/sportinkreativa\/"]}]}},"_links":{"self":[{"href":"https:\/\/sportinkreativa.si\/en\/wp-json\/wp\/v2\/pages\/1163","targetHints":{"allow":["GET"]}}],"collection":[{"href":"https:\/\/sportinkreativa.si\/en\/wp-json\/wp\/v2\/pages"}],"about":[{"href":"https:\/\/sportinkreativa.si\/en\/wp-json\/wp\/v2\/types\/page"}],"author":[{"embeddable":true,"href":"https:\/\/sportinkreativa.si\/en\/wp-json\/wp\/v2\/users\/1"}],"replies":[{"embeddable":true,"href":"https:\/\/sportinkreativa.si\/en\/wp-json\/wp\/v2\/comments?post=1163"}],"version-history":[{"count":16,"href":"https:\/\/sportinkreativa.si\/en\/wp-json\/wp\/v2\/pages\/1163\/revisions"}],"predecessor-version":[{"id":3039,"href":"https:\/\/sportinkreativa.si\/en\/wp-json\/wp\/v2\/pages\/1163\/revisions\/3039"}],"wp:attachment":[{"href":"https:\/\/sportinkreativa.si\/en\/wp-json\/wp\/v2\/media?parent=1163"}],"curies":[{"name":"wp","href":"https:\/\/api.w.org\/{rel}","templated":true}]}}