{"id":1153,"date":"2024-12-03T19:29:22","date_gmt":"2024-12-03T19:29:22","guid":{"rendered":"https:\/\/sportinkreativa.si\/?page_id=1153"},"modified":"2024-12-16T22:31:48","modified_gmt":"2024-12-16T22:31:48","slug":"pogoji-poslovanja","status":"publish","type":"page","link":"https:\/\/sportinkreativa.si\/en\/pogoji-poslovanja\/","title":{"rendered":"POGOJI POSLOVANJA"},"content":{"rendered":"\t\t<div data-elementor-type=\"wp-page\" data-elementor-id=\"1153\" class=\"elementor elementor-1153\" data-elementor-post-type=\"page\">\n\t\t\t\t<div class=\"elementor-element elementor-element-f129796 e-con-full e-flex e-con e-parent\" data-id=\"f129796\" data-element_type=\"container\" data-e-type=\"container\" data-settings=\"{&quot;background_background&quot;:&quot;slideshow&quot;,&quot;shape_divider_bottom&quot;:&quot;pyramids&quot;,&quot;background_slideshow_gallery&quot;:[{&quot;id&quot;:206,&quot;url&quot;:&quot;https:\\\/\\\/sportinkreativa.si\\\/wp-content\\\/uploads\\\/2024\\\/10\\\/Sportinkreativa_naslovna3-1.png&quot;}],&quot;background_slideshow_loop&quot;:&quot;yes&quot;,&quot;background_slideshow_slide_duration&quot;:5000,&quot;background_slideshow_slide_transition&quot;:&quot;fade&quot;,&quot;background_slideshow_transition_duration&quot;:500}\">\n\t\t\t\t<div class=\"elementor-shape elementor-shape-bottom\" aria-hidden=\"true\" data-negative=\"false\">\n\t\t\t<svg xmlns=\"http:\/\/www.w3.org\/2000\/svg\" viewBox=\"0 0 1000 100\" preserveAspectRatio=\"none\">\n\t<path class=\"elementor-shape-fill\" d=\"M761.9,44.1L643.1,27.2L333.8,98L0,3.8V0l1000,0v3.9\"\/>\n<\/svg>\t\t<\/div>\n\t\t\t\t<\/div>\n\t\t<div class=\"elementor-element elementor-element-30c6271 e-flex e-con-boxed e-con e-parent\" data-id=\"30c6271\" data-element_type=\"container\" data-e-type=\"container\">\n\t\t\t\t\t<div class=\"e-con-inner\">\n\t\t\t\t<div class=\"elementor-element elementor-element-ba85e8a elementor-widget elementor-widget-heading\" data-id=\"ba85e8a\" data-element_type=\"widget\" data-e-type=\"widget\" data-widget_type=\"heading.default\">\n\t\t\t\t\t\t\t<h2 class=\"elementor-heading-title elementor-size-default\">Pogoji poslovanja<\/h2>\t\t\t\t<\/div>\n\t\t\t\t<div class=\"elementor-element elementor-element-97ccd41 elementor-widget elementor-widget-text-editor\" data-id=\"97ccd41\" data-element_type=\"widget\" data-e-type=\"widget\" data-widget_type=\"text-editor.default\">\n\t\t\t\t\t\t\t\t\t\t\t<p>OPOZORILO: Z registracijo, prijavo oz. z uporabo portala se strinjate s splo\u0161nimi pogoji uporabe pla\u010dljivih in brezpla\u010dnih vsebin\/storitev spletne strani \u0160port in kreativa. \u010ce se s temi pogoji ne strinjate, registracija oz. prijava ni mo\u017ena, uporabo portala pa vam odsvetujemo.<\/p><ol><li>SPLO\u0160NE DOLO\u010cBE<\/li><\/ol><p>Vsebina splo\u0161nih pogojev (v nadaljevanju: pogoji) uporabe spletne strani \u0160port in kreativa (v nadaljevanju: spletna stran) se nana\u0161a na pogoje uporabe storitev pla\u010dljivih in brezpla\u010dnih vsebin\/storitev na spletni strani ter predstavlja pravno veljaven in zavezujo\u010d sporazum med ponudnikom ter uporabniki oz. \u010dlani spletne strani.<\/p><p>Ponudnik spletne strani si pridru\u017euje pravico do spremembe katerega koli dela portala in izbrisa katerega koli dela vsebine brez predhodnega obvestila.<\/p><p>Z namenom, da bi svojim uporabnikom zagotovili najbolj\u0161o mo\u017eno izku\u0161njo, spletno stran neprestano posodabljamo. Kon\u010dni uporabnik je seznanjen in se strinja, da se oblika in narava storitev, ki jih zagotavlja spletna stran, ob\u010dasno spreminjata brez predhodnega obvestila kon\u010dnemu uporabniku.<\/p><ol start=\"2\"><li>DEFINICIJE POJMOV<\/li><\/ol><p>Splo\u0161ni pogoji veljajo za spletno stran (www.sportinkreativa.si).<\/p><p>Ponudnik, lastnik, skrbnik spletne strani je \u0160port in kreativa, Darja Jernej s.p., Center 21d, 2393 \u010crna na Koro\u0161kem (v nadaljevanju ponudnik).<\/p><p>Uporabnik je vsaka oseba, ki obi\u0161\u010de spletno stran in ga na kakr\u0161en koli na\u010din uporablja (v nadaljevanju uporabnik).<\/p><p>Uporabnik pla\u010dljivih storitev je lahko vsaka fizi\u010dna ali pravna oseba, ki se z uporabo omenjenih storitev strinja s tem, da se prijavi\/registrira na spletni strani.<\/p><p>Uporaba spletne strani se omogo\u010da nedolo\u010denemu \u0161tevilu uporabnikov, ki sprejmejo storitev ponudnika na na\u010din, pod pogoji in v skladu s temi pogoji ter drugimi navodili ponudnika.<\/p><p>AVTORSKE PRAVICE<\/p><p>Uporabnik z registracijo in objavo svojih vsebin na spletni strani dovoljuje podjetju \u0160port in kreativa, Darja Jernej s. p., javno objavo na vseh medijih in v vseh zakonsko dolo\u010denih oblikah, ki so v lasti podjetja \u0160port in kreativa, Darja Jernej s. p. in njej povezanih pravnih oseb in dovoljuje, da si katera koli tretja oseba na spletni strani vsebine ogleda in preto\u010di na svoj ra\u010dunalnik in za\u010dasno ali trajno fiksira. Za morebitno nadaljnjo razpolaganje tretjih oseb z vsebinami \u0160port in kreativa, Darja Jernej s.p. ni odgovoren, niti nima vpliva na ravnanje tretjih oseb, s \u010dimer je uporabnik seznanjen in se strinja. Uporabnik izrecno zagotavlja, da z objavo svojih vsebin, ki jih objavlja na spletni strani, niso kr\u0161ene pravice intelektualne lastnine niti osebnostne pravice tretjih.<\/p><p>Znamke, ki se pojavljajo na spletni strani, so registrirane znamke, katerih imetnik ali uporabnik licence je \u0160port in kreativa, Darja Jernej s.p. oziroma njene povezane dru\u017ebe ali tretje osebe. Kakr\u0161na koli uporaba teh znamk je izrecno prepovedana brez ustreznega predhodnega pisnega soglasja imetnika pravic. Znaki, ki niso registrirani kot znamke, so za\u0161\u010diteni po pravilih avtorskega prava.<\/p><ol start=\"3\"><li>DOSTOPNOST SPLETNE STRANI\u00a0<\/li><\/ol><p>Spletne strani so praviloma dostopne 24 ur na dan in vse dni v letu. Ponudnik si pridr\u017euje pravico do kraj\u0161ih ustavitev v dostopu do spletne strani zaradi tehni\u010dnih razlogov vzdr\u017eevanja in zamenjave opreme. Zaradi razlogov, povezanih z vzdr\u017eevanjem, si ponudnik pridr\u017euje pravico tudi do dalj\u0161ih ustavitev dostopa do spletne strani. Ponudnik ne jam\u010di dostopnosti do strani portala ob morebitnih izpadih v omre\u017ejih ponudnikov poti ali kakr\u0161nih koli izpadih, napakah, drugih tehni\u010dnih motnjah ali prekinitvah delovanja tretjih strank (elektri\u010dno napajanje \u2026) ter vi\u0161ji sili.<\/p><ol start=\"4\"><li>NA\u010cIN DOSTOPA<\/li><\/ol><p>Uporaba in dostop do spletne strani sta zagotovljena 24 ur na dan, razen v primerih, dolo\u010denih v 4. \u010dlenu splo\u0161nih pogojev. Ponudnik vsebin si pridr\u017euje pravico, da ob sumu zlorab, navedenih v 11. \u010dlenu splo\u0161nih pogojev, omeji ali prekine dostop do pla\u010dljivih vsebin spletne strani na posamezno geslo.<\/p><p>Na\u010din dostopa do pla\u010dljivih vsebin je tak, kot je dolo\u010den v navodilih na spletne strani. Morebitne spremembe v na\u010dinu dostopa in uporabi servisa pla\u010dljivih vsebin bo ponudnik vsebin sproti objavljal na spletni strani.<\/p><ol start=\"5\"><li>POGOJI UPORABE: STAROST IN ODGOVORNOST<\/li><\/ol><p>Za uporabo pla\u010dljivih in brezpla\u010dnih vsebin objavljenih na spletni strani ni starostnih omejitev.<\/p><p>Ponudnik lahko po lastni presoji zavrne dodelitev uporabni\u0161kega imena, ki nakazuje na drugo osebo, je za\u0161\u010diteno s pravicami prava blagovnih znamk ali drugimi pravicami, je obsceno in druga\u010de nesprejemljivo.<\/p><p>DRUGA PRAVILA UPORABE<\/p><p>Za zagotavljanje kakovostne uporabe storitev se uporabnik zavezuje, da bo pri dostopu in uporabi upo\u0161teval vsa navodila in druga pravila uporabe, objavljena na spletni strani.<\/p><ol start=\"6\"><li>SPLO\u0160NA PRIPORO\u010cILA UPORABNIKOM<\/li><\/ol><p>Uporabnik naj skrbno hrani svoje geslo in uporabni\u0161ko ime. Uporabniki naj uporabljajo storitve v skladu z navodili in priporo\u010dili ponudnika storitve in navodili ponudnika poti. Uporabniki naj se zavedajo, da so kljub skrbi in nadzoru storitev mo\u017ene zlorabe. Ponudnik storitev bo o vseh spremembah in novostih svoje uporabnike obve\u0161\u010dal na vseh mestih, kjer so objavljena navodila in pogoji za uporabo storitev.<\/p><ol start=\"7\"><li>MODERIRANJE<\/li><\/ol><p>Komentiranje na spletni strani je moderirano in deluje v skladu s pravili, ki dolo\u010dajo njihovo objavo.<\/p><p>Komentiranje \u010dlankov ni avtomatsko, pa\u010d pa je odlo\u010ditev o omogo\u010danju komentarjev pri posameznih \u010dlankih izklju\u010dno v pristojnosti uredni\u0161tva. V dolo\u010denih primerih je komentiranje \u010dlankov tako onemogo\u010deno.<\/p><p>Pogoj za oddajo komentarja je registracija\/prijava.<\/p><p>8. ZAVRNITEV ODGOVORNOSTI<\/p><p>Uporabnik se mora zavedati, da:<\/p><ul><li>Spletne tehnologije za prenos in dostop do vsebin niso 100 % zanesljive. Ob morebitnih izpadih delovanja zaradi ponudnikov poti kot ponudnik vsebin ne prevzemamo odgovornosti.<\/li><li>Ponudnik ni odgovoren za nepravilno delovanje storitev, ki je posledica napa\u010dne uporabe in neznanja uporabnika.<\/li><li>Uporabnik za uporabo video vsebin potrebuje primeren ra\u010dunalnik.<\/li><li>Uporabnik za uporabo video vsebin potrebuje primerno hitro spletno povezavo v internet. Minimalna zahtevana hitrost povezave je 128 Kbps, priporo\u010dljiva pa najmanj 512 Kbps.<\/li><li>Ponudnik vsebin ne more zagotavljati delovanja storitev v primeru izpada omre\u017eja pogodbenih partnerjev, izpada elektri\u010dne energije ali drugih tehni\u010dnih motenj, ki bi lahko za\u010dasno motile delovanje storitev.<\/li><li>Ponudnik vsebin ne odgovarja za vsebino, objavljeno na spletni strani, katere avtorji so uporabniki spletne strani.<\/li><li>Ponudnik vsebin si pridru\u017euje pravico odstraniti vsebinsko neprimerna sporo\u010dila, fotografije, video.<\/li><\/ul><p>9. UPORABNIK SE ZAVE\u017dE, DA:<\/p><ul><li>storitev ne bo uporabljal z namenom objavljanja ali propagiranja katere koli vsebine in\/ali dejavnosti, ki je v nasprotju z veljavno zakonodajo in\/ali javnim redom in moralo,<\/li><li>v svoji komunikaciji ne bo uporabljal gro\u017eenj, slab\u0161alnega, poni\u017eevalnega ali \u017ealjivega na\u010dina izra\u017eanja,<\/li><li>ne bo komuniciral z drugimi uporabniki v imenu drugih oseb,<\/li><li>storitev ne bo izrabljal v komercialne, nelegalne ali kakr\u0161ne koli druge namene, kot tiste, ki so dolo\u010deni v teh pogojih,<\/li><li>ne bo distribuiral avtorsko za\u0161\u010ditenih vsebin ali vsebin, ki so v lasti druge pravne ali fizi\u010dne osebe,<\/li><li>ne bo posku\u0161al pridobiti, zbirati in\/ali shranjevati osebnih podatkov drugih uporabnikov,<\/li><li>ne bo nadlegoval drugih uporabnikov, \u010de ti izrazijo svoje nestrinjanje s komunikacijo,<\/li><li>ne bo na noben na\u010din kopiral, shranjeval ali posredoval celih ali delov vsebine spletne strani,<\/li><li>ne bo uporabljal ra\u010dunalni\u0161kih kod, \u0161kodljivih programov ali \u010desar koli, kar bi lahko motilo, onesposobilo ali \u0161kodovalo tej storitvi, ponudniku storitev in njegovi programski ter strojni opremi.<\/li><\/ul><p>10. REKLAMACIJE<\/p><p>Ponudnik vodi vse morebitne reklamacijske in druge postopke z uporabniki, skladno s svojimi pravili delovanja in veljavno zakonodajo RS. Ponudnik se zavezuje, da bo teko\u010de re\u0161eval morebitne tehni\u010dne in\/ali vsebinske reklamacije.<\/p><p>V primeru utemeljenih reklamacij se ponudnik vsebin zavezuje, da jih bo odpravil v razumnem \u010dasu ter o tem obvestil uporabnika.<\/p><p>Vse reklamacije, povezane z delovanjem internetnega omre\u017eja, re\u0161uje ponudnik internetne povezave uporabnika storitve.<\/p><p>11. KR\u0160ENJE POGOJEV<\/p><p>Ponudnik si pridr\u017euje pravico, da uporabnikom, ki kr\u0161ijo Pogoje ali delujejo v nasprotju z njimi, onemogo\u010di dostop do pla\u010dljivih (tudi \u010de so pla\u010dali storitev) in brezpla\u010dnih vsebin spletne strani.<\/p><p>Ponudnik vsebin si pridr\u017euje pravico onemogo\u010diti dostop uporabnikom, ki namerno ali iz malomarnosti posredujejo tretjim osebam svoje geslo in\/ali uporabni\u0161ko ime.<\/p><p>\u010ce uporabnik s svojim ravnanjem povzro\u010di ponudniku kakr\u0161no koli \u0161kodo, zanjo v celoti moralno, materialno ter kazensko odgovarja.<\/p><p>Morebitne kr\u0161itve pri uporabi spletnih strani portala s strani drugih uporabnikov sporo\u010dite ponudniku storitev z e-po\u0161to na naslov info@sportinkreativa.si ali pisno na naslov \u0160port in kreativa, Darja Jernej s.p., Center 101, 2393 \u010crna na Koro\u0161kem.<\/p><p>12. SPREMEMBE<\/p><p>Ponudnik vsebin obstoje\u010de pogoje uporabe lahko spremeni brez predhodnega obvestila. Uporabnik se obvezuje, da bo ob\u010dasno na portalu preverjal, ali so se pogoji uporabe spremenili. V primeru, da uporabnik s spremenjenimi pogoji uporabe ne bo ve\u010d sogla\u0161al, mora takoj prenehati z uporabo portala. Sicer pa z vstopom na spletne strani portala potrjuje, da se z morebitnimi spremembami in dopolnitvami strinja.<\/p><p>Podjetje \u0160port in kreativa je podjetje za \u0161portne in outdoor dejavnosti.<\/p><p>KONTAKT:<\/p><p>Podatki: \u0160port in kreativa, Darja Jernej s.p.<\/p><p>Naslov: Center 101, 2393 \u010crna na Koro\u0161kem<\/p><p>Telefon: +386 41 388 919<\/p><p>E-mail: <a href=\"mailto:info@sportinkreativa.si\">info@sportinkreativa.si<\/a><\/p><p>Klepet: WatssApp<\/p>\t\t\t\t\t\t\t\t<\/div>\n\t\t\t\t\t<\/div>\n\t\t\t\t<\/div>\n\t\t\t\t<\/div>\n\t\t","protected":false},"excerpt":{"rendered":"<p>Pogoji poslovanja OPOZORILO: Z registracijo, prijavo oz. z uporabo portala se strinjate s splo\u0161nimi pogoji uporabe pla\u010dljivih in brezpla\u010dnih vsebin\/storitev spletne strani \u0160port in kreativa. \u010ce se s temi pogoji ne strinjate, registracija oz. prijava ni mo\u017ena, uporabo portala pa vam odsvetujemo. SPLO\u0160NE DOLO\u010cBE Vsebina splo\u0161nih pogojev (v nadaljevanju: pogoji) uporabe spletne strani \u0160port in [&hellip;]<\/p>\n","protected":false},"author":1,"featured_media":0,"parent":0,"menu_order":0,"comment_status":"closed","ping_status":"closed","template":"","meta":{"footnotes":""},"class_list":["post-1153","page","type-page","status-publish","hentry"],"yoast_head":"<!-- This site is optimized with the Yoast SEO plugin v24.2 - https:\/\/yoast.com\/wordpress\/plugins\/seo\/ -->\n<title>POGOJI POSLOVANJA | \u0160port in kreativa<\/title>\n<meta name=\"description\" content=\"Pogoji poslovanja podjetja \u0160port in kreativa\" \/>\n<meta name=\"robots\" content=\"index, follow, max-snippet:-1, max-image-preview:large, max-video-preview:-1\" \/>\n<link rel=\"canonical\" href=\"https:\/\/sportinkreativa.si\/en\/pogoji-poslovanja\/\" \/>\n<meta property=\"og:locale\" content=\"en_US\" \/>\n<meta property=\"og:type\" content=\"article\" \/>\n<meta property=\"og:title\" content=\"POGOJI POSLOVANJA | \u0160port in kreativa\" \/>\n<meta property=\"og:description\" content=\"Pogoji poslovanja podjetja \u0160port in kreativa\" \/>\n<meta property=\"og:url\" content=\"https:\/\/sportinkreativa.si\/en\/pogoji-poslovanja\/\" \/>\n<meta property=\"og:site_name\" content=\"\u0160port in kreativa\" \/>\n<meta property=\"article:publisher\" content=\"https:\/\/www.facebook.com\/sportinkreativa.si\/\" \/>\n<meta property=\"article:modified_time\" content=\"2024-12-16T22:31:48+00:00\" \/>\n<meta name=\"twitter:card\" content=\"summary_large_image\" \/>\n<meta name=\"twitter:label1\" content=\"Est. reading time\" \/>\n\t<meta name=\"twitter:data1\" content=\"7 minutes\" \/>\n<script type=\"application\/ld+json\" class=\"yoast-schema-graph\">{\"@context\":\"https:\/\/schema.org\",\"@graph\":[{\"@type\":\"WebPage\",\"@id\":\"https:\/\/sportinkreativa.si\/pogoji-poslovanja\/\",\"url\":\"https:\/\/sportinkreativa.si\/pogoji-poslovanja\/\",\"name\":\"POGOJI POSLOVANJA | \u0160port in kreativa\",\"isPartOf\":{\"@id\":\"https:\/\/sportinkreativa.si\/#website\"},\"datePublished\":\"2024-12-03T19:29:22+00:00\",\"dateModified\":\"2024-12-16T22:31:48+00:00\",\"description\":\"Pogoji poslovanja podjetja \u0160port in kreativa\",\"breadcrumb\":{\"@id\":\"https:\/\/sportinkreativa.si\/pogoji-poslovanja\/#breadcrumb\"},\"inLanguage\":\"en-US\",\"potentialAction\":[{\"@type\":\"ReadAction\",\"target\":[\"https:\/\/sportinkreativa.si\/pogoji-poslovanja\/\"]}]},{\"@type\":\"BreadcrumbList\",\"@id\":\"https:\/\/sportinkreativa.si\/pogoji-poslovanja\/#breadcrumb\",\"itemListElement\":[{\"@type\":\"ListItem\",\"position\":1,\"name\":\"Home\",\"item\":\"https:\/\/sportinkreativa.si\/\"},{\"@type\":\"ListItem\",\"position\":2,\"name\":\"POGOJI POSLOVANJA\"}]},{\"@type\":\"WebSite\",\"@id\":\"https:\/\/sportinkreativa.si\/#website\",\"url\":\"https:\/\/sportinkreativa.si\/\",\"name\":\"\u0160port in kreativa\",\"description\":\"Izhodi\u0161\u010de za nepozabne outdoor avanture na Koro\u0161kem.\",\"publisher\":{\"@id\":\"https:\/\/sportinkreativa.si\/#organization\"},\"potentialAction\":[{\"@type\":\"SearchAction\",\"target\":{\"@type\":\"EntryPoint\",\"urlTemplate\":\"https:\/\/sportinkreativa.si\/?s={search_term_string}\"},\"query-input\":{\"@type\":\"PropertyValueSpecification\",\"valueRequired\":true,\"valueName\":\"search_term_string\"}}],\"inLanguage\":\"en-US\"},{\"@type\":\"Organization\",\"@id\":\"https:\/\/sportinkreativa.si\/#organization\",\"name\":\"\u0160port in kreativa\",\"url\":\"https:\/\/sportinkreativa.si\/\",\"logo\":{\"@type\":\"ImageObject\",\"inLanguage\":\"en-US\",\"@id\":\"https:\/\/sportinkreativa.si\/#\/schema\/logo\/image\/\",\"url\":\"https:\/\/sportinkreativa.si\/wp-content\/uploads\/2024\/10\/logo.svg\",\"contentUrl\":\"https:\/\/sportinkreativa.si\/wp-content\/uploads\/2024\/10\/logo.svg\",\"width\":443,\"height\":443,\"caption\":\"\u0160port in kreativa\"},\"image\":{\"@id\":\"https:\/\/sportinkreativa.si\/#\/schema\/logo\/image\/\"},\"sameAs\":[\"https:\/\/www.facebook.com\/sportinkreativa.si\/\",\"https:\/\/www.instagram.com\/sportinkreativa\/\"]}]}<\/script>\n<!-- \/ Yoast SEO plugin. -->","yoast_head_json":{"title":"POGOJI POSLOVANJA | \u0160port in kreativa","description":"Pogoji poslovanja podjetja \u0160port in kreativa","robots":{"index":"index","follow":"follow","max-snippet":"max-snippet:-1","max-image-preview":"max-image-preview:large","max-video-preview":"max-video-preview:-1"},"canonical":"https:\/\/sportinkreativa.si\/en\/pogoji-poslovanja\/","og_locale":"en_US","og_type":"article","og_title":"POGOJI POSLOVANJA | \u0160port in kreativa","og_description":"Pogoji poslovanja podjetja \u0160port in kreativa","og_url":"https:\/\/sportinkreativa.si\/en\/pogoji-poslovanja\/","og_site_name":"\u0160port in kreativa","article_publisher":"https:\/\/www.facebook.com\/sportinkreativa.si\/","article_modified_time":"2024-12-16T22:31:48+00:00","twitter_card":"summary_large_image","twitter_misc":{"Est. reading time":"7 minutes"},"schema":{"@context":"https:\/\/schema.org","@graph":[{"@type":"WebPage","@id":"https:\/\/sportinkreativa.si\/pogoji-poslovanja\/","url":"https:\/\/sportinkreativa.si\/pogoji-poslovanja\/","name":"POGOJI POSLOVANJA | \u0160port in kreativa","isPartOf":{"@id":"https:\/\/sportinkreativa.si\/#website"},"datePublished":"2024-12-03T19:29:22+00:00","dateModified":"2024-12-16T22:31:48+00:00","description":"Pogoji poslovanja podjetja \u0160port in kreativa","breadcrumb":{"@id":"https:\/\/sportinkreativa.si\/pogoji-poslovanja\/#breadcrumb"},"inLanguage":"en-US","potentialAction":[{"@type":"ReadAction","target":["https:\/\/sportinkreativa.si\/pogoji-poslovanja\/"]}]},{"@type":"BreadcrumbList","@id":"https:\/\/sportinkreativa.si\/pogoji-poslovanja\/#breadcrumb","itemListElement":[{"@type":"ListItem","position":1,"name":"Home","item":"https:\/\/sportinkreativa.si\/"},{"@type":"ListItem","position":2,"name":"POGOJI POSLOVANJA"}]},{"@type":"WebSite","@id":"https:\/\/sportinkreativa.si\/#website","url":"https:\/\/sportinkreativa.si\/","name":"\u0160port in kreativa","description":"Izhodi\u0161\u010de za nepozabne outdoor avanture na Koro\u0161kem.","publisher":{"@id":"https:\/\/sportinkreativa.si\/#organization"},"potentialAction":[{"@type":"SearchAction","target":{"@type":"EntryPoint","urlTemplate":"https:\/\/sportinkreativa.si\/?s={search_term_string}"},"query-input":{"@type":"PropertyValueSpecification","valueRequired":true,"valueName":"search_term_string"}}],"inLanguage":"en-US"},{"@type":"Organization","@id":"https:\/\/sportinkreativa.si\/#organization","name":"\u0160port in kreativa","url":"https:\/\/sportinkreativa.si\/","logo":{"@type":"ImageObject","inLanguage":"en-US","@id":"https:\/\/sportinkreativa.si\/#\/schema\/logo\/image\/","url":"https:\/\/sportinkreativa.si\/wp-content\/uploads\/2024\/10\/logo.svg","contentUrl":"https:\/\/sportinkreativa.si\/wp-content\/uploads\/2024\/10\/logo.svg","width":443,"height":443,"caption":"\u0160port in kreativa"},"image":{"@id":"https:\/\/sportinkreativa.si\/#\/schema\/logo\/image\/"},"sameAs":["https:\/\/www.facebook.com\/sportinkreativa.si\/","https:\/\/www.instagram.com\/sportinkreativa\/"]}]}},"_links":{"self":[{"href":"https:\/\/sportinkreativa.si\/en\/wp-json\/wp\/v2\/pages\/1153","targetHints":{"allow":["GET"]}}],"collection":[{"href":"https:\/\/sportinkreativa.si\/en\/wp-json\/wp\/v2\/pages"}],"about":[{"href":"https:\/\/sportinkreativa.si\/en\/wp-json\/wp\/v2\/types\/page"}],"author":[{"embeddable":true,"href":"https:\/\/sportinkreativa.si\/en\/wp-json\/wp\/v2\/users\/1"}],"replies":[{"embeddable":true,"href":"https:\/\/sportinkreativa.si\/en\/wp-json\/wp\/v2\/comments?post=1153"}],"version-history":[{"count":25,"href":"https:\/\/sportinkreativa.si\/en\/wp-json\/wp\/v2\/pages\/1153\/revisions"}],"predecessor-version":[{"id":3024,"href":"https:\/\/sportinkreativa.si\/en\/wp-json\/wp\/v2\/pages\/1153\/revisions\/3024"}],"wp:attachment":[{"href":"https:\/\/sportinkreativa.si\/en\/wp-json\/wp\/v2\/media?parent=1153"}],"curies":[{"name":"wp","href":"https:\/\/api.w.org\/{rel}","templated":true}]}}